{"id":2703,"date":"2018-11-12T22:22:10","date_gmt":"2018-11-12T20:22:10","guid":{"rendered":"https:\/\/teeal.pl\/?page_id=2703"},"modified":"2020-06-19T09:30:24","modified_gmt":"2020-06-19T06:30:24","slug":"postepy","status":"publish","type":"page","link":"https:\/\/teeal.pl\/pl\/postepy\/","title":{"rendered":"osi\u0105gni\u0119cie"},"content":{"rendered":"<div data-elementor-type=\"wp-post\" data-elementor-id=\"2703\" class=\"elementor elementor-2703\">\n\t\t\t\t\t\t\t\t\t<section class=\"elementor-section elementor-top-section elementor-element elementor-element-a422a8c elementor-section-boxed elementor-section-height-default elementor-section-height-default\" data-id=\"a422a8c\" data-element_type=\"section\">\n\t\t\t\t\t\t<div class=\"elementor-container elementor-column-gap-default\">\n\t\t\t\t\t<div class=\"elementor-column elementor-col-100 elementor-top-column elementor-element elementor-element-1880cfa\" data-id=\"1880cfa\" data-element_type=\"column\">\n\t\t\t<div class=\"elementor-widget-wrap elementor-element-populated\">\n\t\t\t\t\t\t\t\t<div class=\"elementor-element elementor-element-8cdc046 elementor-widget elementor-widget-heading\" data-id=\"8cdc046\" data-element_type=\"widget\" data-widget_type=\"heading.default\">\n\t\t\t\t<div class=\"elementor-widget-container\">\n\t\t\t<style>\/*! elementor - v3.15.0 - 20-08-2023 *\/\n.elementor-heading-title{padding:0;margin:0;line-height:1}.elementor-widget-heading .elementor-heading-title[class*=elementor-size-]>a{color:inherit;font-size:inherit;line-height:inherit}.elementor-widget-heading .elementor-heading-title.elementor-size-small{font-size:15px}.elementor-widget-heading .elementor-heading-title.elementor-size-medium{font-size:19px}.elementor-widget-heading .elementor-heading-title.elementor-size-large{font-size:29px}.elementor-widget-heading .elementor-heading-title.elementor-size-xl{font-size:39px}.elementor-widget-heading .elementor-heading-title.elementor-size-xxl{font-size:59px}<\/style><h3 class=\"elementor-heading-title elementor-size-default\">Jak wp\u0142aci\u0107 zaliczk\u0119 na Teeal.pl <\/h3>\t\t<\/div>\n\t\t\t\t<\/div>\n\t\t\t\t\t<\/div>\n\t\t<\/div>\n\t\t\t\t\t\t\t<\/div>\n\t\t<\/section>\n\t\t\t\t<section class=\"elementor-section elementor-top-section elementor-element elementor-element-995c41e elementor-section-boxed elementor-section-height-default elementor-section-height-default\" data-id=\"995c41e\" data-element_type=\"section\">\n\t\t\t\t\t\t<div class=\"elementor-container elementor-column-gap-default\">\n\t\t\t\t\t<div class=\"elementor-column elementor-col-100 elementor-top-column elementor-element elementor-element-f5e1431\" data-id=\"f5e1431\" data-element_type=\"column\">\n\t\t\t<div class=\"elementor-widget-wrap elementor-element-populated\">\n\t\t\t\t\t\t\t\t<div class=\"elementor-element elementor-element-876ff1d elementor-widget elementor-widget-counter\" data-id=\"876ff1d\" data-element_type=\"widget\" data-widget_type=\"counter.default\">\n\t\t\t\t<div class=\"elementor-widget-container\">\n\t\t\t<style>\/*! elementor - v3.15.0 - 20-08-2023 *\/\n.elementor-counter .elementor-counter-number-wrapper{display:flex;font-size:69px;font-weight:600;line-height:1}.elementor-counter .elementor-counter-number-prefix,.elementor-counter .elementor-counter-number-suffix{flex-grow:1;white-space:pre-wrap}.elementor-counter .elementor-counter-number-prefix{text-align:right}.elementor-counter .elementor-counter-number-suffix{text-align:left}.elementor-counter .elementor-counter-title{text-align:center;font-size:19px;font-weight:400;line-height:2.5}<\/style>\t\t<div class=\"elementor-counter\">\n\t\t\t<div class=\"elementor-counter-number-wrapper\">\n\t\t\t\t<span class=\"elementor-counter-number-prefix\"><\/span>\n\t\t\t\t<span class=\"elementor-counter-number\" data-duration=\"2000\" data-to-value=\"1\" data-from-value=\"1\" data-delimiter=\",\">1<\/span>\n\t\t\t\t<span class=\"elementor-counter-number-suffix\"><\/span>\n\t\t\t<\/div>\n\t\t\t\t\t\t\t<div class=\"elementor-counter-title\"> Naci\u015bnij przycisk<\/div>\n\t\t\t\t\t<\/div>\n\t\t\t\t<\/div>\n\t\t\t\t<\/div>\n\t\t\t\t\t<\/div>\n\t\t<\/div>\n\t\t\t\t\t\t\t<\/div>\n\t\t<\/section>\n\t\t\t\t<section class=\"elementor-section elementor-top-section elementor-element elementor-element-67afeae elementor-section-boxed elementor-section-height-default elementor-section-height-default\" data-id=\"67afeae\" data-element_type=\"section\">\n\t\t\t\t\t\t<div class=\"elementor-container elementor-column-gap-default\">\n\t\t\t\t\t<div class=\"elementor-column elementor-col-100 elementor-top-column elementor-element elementor-element-c295343\" data-id=\"c295343\" data-element_type=\"column\">\n\t\t\t<div class=\"elementor-widget-wrap elementor-element-populated\">\n\t\t\t\t\t\t\t\t<div class=\"elementor-element elementor-element-5525d74 elementor-widget elementor-widget-heading\" data-id=\"5525d74\" data-element_type=\"widget\" data-widget_type=\"heading.default\">\n\t\t\t\t<div class=\"elementor-widget-container\">\n\t\t\t<h3 class=\"elementor-heading-title elementor-size-default\"><p class=\"centerteeal\">\n<a href=\"https:\/\/my-payments.privatbank.ua\/mypayments\/customauth\/identification\/fp\/static?staticToken=6350a72498d8a60e341b327abfe2bcccrtmf67kk\" target=\"_blank\" rel=\"nofollow\"> <img decoding=\"async\" src=\"https:\/\/teeal.pl\/wp-content\/uploads\/2018\/11\/p1ru.radius.png\" alt=\"zap\u0142a\u0107 za us\u0142ugi wizowe\"><\/a><\/p><p>\n<\/p><\/h3>\t\t<\/div>\n\t\t\t\t<\/div>\n\t\t\t\t\t<\/div>\n\t\t<\/div>\n\t\t\t\t\t\t\t<\/div>\n\t\t<\/section>\n\t\t\t\t<section class=\"elementor-section elementor-top-section elementor-element elementor-element-a4752a5 elementor-section-boxed elementor-section-height-default elementor-section-height-default\" data-id=\"a4752a5\" data-element_type=\"section\">\n\t\t\t\t\t\t<div class=\"elementor-container elementor-column-gap-default\">\n\t\t\t\t\t<div class=\"elementor-column elementor-col-100 elementor-top-column elementor-element elementor-element-6d179bd\" data-id=\"6d179bd\" data-element_type=\"column\">\n\t\t\t<div class=\"elementor-widget-wrap elementor-element-populated\">\n\t\t\t\t\t\t\t\t<div class=\"elementor-element elementor-element-7118f17 elementor-widget elementor-widget-counter\" data-id=\"7118f17\" data-element_type=\"widget\" data-widget_type=\"counter.default\">\n\t\t\t\t<div class=\"elementor-widget-container\">\n\t\t\t\t\t<div class=\"elementor-counter\">\n\t\t\t<div class=\"elementor-counter-number-wrapper\">\n\t\t\t\t<span class=\"elementor-counter-number-prefix\"><\/span>\n\t\t\t\t<span class=\"elementor-counter-number\" data-duration=\"1000\" data-to-value=\"2\" data-from-value=\"2\" data-delimiter=\",\">2<\/span>\n\t\t\t\t<span class=\"elementor-counter-number-suffix\"><\/span>\n\t\t\t<\/div>\n\t\t\t\t\t\t\t<div class=\"elementor-counter-title\"> Wybierz us\u0142ug\u0119, za kt\u00f3r\u0105 chcesz zap\u0142aci\u0107<\/div>\n\t\t\t\t\t<\/div>\n\t\t\t\t<\/div>\n\t\t\t\t<\/div>\n\t\t\t\t<div class=\"elementor-element elementor-element-bc637c5 elementor-widget elementor-widget-image\" data-id=\"bc637c5\" data-element_type=\"widget\" data-widget_type=\"image.default\">\n\t\t\t\t<div class=\"elementor-widget-container\">\n\t\t\t<style>\/*! elementor - v3.15.0 - 20-08-2023 *\/\n.elementor-widget-image{text-align:center}.elementor-widget-image a{display:inline-block}.elementor-widget-image a img[src$=\".svg\"]{width:48px}.elementor-widget-image img{vertical-align:middle;display:inline-block}<\/style>\t\t\t\t\t\t\t\t\t\t\t\t<img loading=\"lazy\" decoding=\"async\" width=\"1024\" height=\"254\" src=\"https:\/\/teeal.pl\/wp-content\/uploads\/2019\/04\/1-1024x254.png\" class=\"attachment-large size-large wp-image-4410\" alt=\"Zap\u0142ata za wiz\u0119\" srcset=\"https:\/\/teeal.pl\/wp-content\/uploads\/2019\/04\/1-1024x254.png 1024w, https:\/\/teeal.pl\/wp-content\/uploads\/2019\/04\/1-300x74.png 300w, https:\/\/teeal.pl\/wp-content\/uploads\/2019\/04\/1-768x190.png 768w, https:\/\/teeal.pl\/wp-content\/uploads\/2019\/04\/1.png 1114w\" sizes=\"auto, (max-width: 1024px) 100vw, 1024px\" \/>\t\t\t\t\t\t\t\t\t\t\t\t\t\t\t<\/div>\n\t\t\t\t<\/div>\n\t\t\t\t\t<\/div>\n\t\t<\/div>\n\t\t\t\t\t\t\t<\/div>\n\t\t<\/section>\n\t\t\t\t<section class=\"elementor-section elementor-top-section elementor-element elementor-element-db3fbd4 elementor-section-boxed elementor-section-height-default elementor-section-height-default\" data-id=\"db3fbd4\" data-element_type=\"section\">\n\t\t\t\t\t\t<div class=\"elementor-container elementor-column-gap-default\">\n\t\t\t\t\t<div class=\"elementor-column elementor-col-100 elementor-top-column elementor-element elementor-element-db616d4\" data-id=\"db616d4\" data-element_type=\"column\">\n\t\t\t<div class=\"elementor-widget-wrap elementor-element-populated\">\n\t\t\t\t\t\t\t\t<div class=\"elementor-element elementor-element-e0c5dbc elementor-widget elementor-widget-counter\" data-id=\"e0c5dbc\" data-element_type=\"widget\" data-widget_type=\"counter.default\">\n\t\t\t\t<div class=\"elementor-widget-container\">\n\t\t\t\t\t<div class=\"elementor-counter\">\n\t\t\t<div class=\"elementor-counter-number-wrapper\">\n\t\t\t\t<span class=\"elementor-counter-number-prefix\"><\/span>\n\t\t\t\t<span class=\"elementor-counter-number\" data-duration=\"2000\" data-to-value=\"3\" data-from-value=\"3\" data-delimiter=\",\">3<\/span>\n\t\t\t\t<span class=\"elementor-counter-number-suffix\"><\/span>\n\t\t\t<\/div>\n\t\t\t\t\t\t\t<div class=\"elementor-counter-title\">Wpisz swoje imi\u0119 i nazwisko, numer umowy (podany przez specjalist\u0119) i kwot\u0119 do zap\u0142aty, a nast\u0119pnie kliknij przycisk \u201cZapisz\u201d.\u201d<\/div>\n\t\t\t\t\t<\/div>\n\t\t\t\t<\/div>\n\t\t\t\t<\/div>\n\t\t\t\t<div class=\"elementor-element elementor-element-a290653 elementor-widget elementor-widget-image\" data-id=\"a290653\" data-element_type=\"widget\" data-widget_type=\"image.default\">\n\t\t\t\t<div class=\"elementor-widget-container\">\n\t\t\t\t\t\t\t\t\t\t\t\t\t\t\t<img loading=\"lazy\" decoding=\"async\" width=\"1024\" height=\"464\" src=\"https:\/\/teeal.pl\/wp-content\/uploads\/2019\/04\/3-1024x464.png\" class=\"attachment-large size-large wp-image-4411\" alt=\"Op\u0142ata za wiz\u0119 do Polski\" srcset=\"https:\/\/teeal.pl\/wp-content\/uploads\/2019\/04\/3-1024x464.png 1024w, https:\/\/teeal.pl\/wp-content\/uploads\/2019\/04\/3-300x136.png 300w, https:\/\/teeal.pl\/wp-content\/uploads\/2019\/04\/3-768x348.png 768w, https:\/\/teeal.pl\/wp-content\/uploads\/2019\/04\/3.png 1102w\" sizes=\"auto, (max-width: 1024px) 100vw, 1024px\" \/>\t\t\t\t\t\t\t\t\t\t\t\t\t\t\t<\/div>\n\t\t\t\t<\/div>\n\t\t\t\t\t<\/div>\n\t\t<\/div>\n\t\t\t\t\t\t\t<\/div>\n\t\t<\/section>\n\t\t\t\t<section class=\"elementor-section elementor-top-section elementor-element elementor-element-41b94ac elementor-section-boxed elementor-section-height-default elementor-section-height-default\" data-id=\"41b94ac\" data-element_type=\"section\">\n\t\t\t\t\t\t<div class=\"elementor-container elementor-column-gap-default\">\n\t\t\t\t\t<div class=\"elementor-column elementor-col-100 elementor-top-column elementor-element elementor-element-face285\" data-id=\"face285\" data-element_type=\"column\">\n\t\t\t<div class=\"elementor-widget-wrap elementor-element-populated\">\n\t\t\t\t\t\t\t\t<div class=\"elementor-element elementor-element-1c63c14 elementor-widget elementor-widget-counter\" data-id=\"1c63c14\" data-element_type=\"widget\" data-widget_type=\"counter.default\">\n\t\t\t\t<div class=\"elementor-widget-container\">\n\t\t\t\t\t<div class=\"elementor-counter\">\n\t\t\t<div class=\"elementor-counter-number-wrapper\">\n\t\t\t\t<span class=\"elementor-counter-number-prefix\"><\/span>\n\t\t\t\t<span class=\"elementor-counter-number\" data-duration=\"2500\" data-to-value=\"4\" data-from-value=\"4\" data-delimiter=\",\">4<\/span>\n\t\t\t\t<span class=\"elementor-counter-number-suffix\"><\/span>\n\t\t\t<\/div>\n\t\t\t\t\t\t\t<div class=\"elementor-counter-title\">Potwierd\u017a p\u0142atno\u015b\u0107 ponownie <\/div>\n\t\t\t\t\t<\/div>\n\t\t\t\t<\/div>\n\t\t\t\t<\/div>\n\t\t\t\t<div class=\"elementor-element elementor-element-ff682c3 elementor-widget elementor-widget-image\" data-id=\"ff682c3\" data-element_type=\"widget\" data-widget_type=\"image.default\">\n\t\t\t\t<div class=\"elementor-widget-container\">\n\t\t\t\t\t\t\t\t\t\t\t\t\t\t\t<img loading=\"lazy\" decoding=\"async\" width=\"963\" height=\"350\" src=\"https:\/\/teeal.pl\/wp-content\/uploads\/2019\/04\/4.png\" class=\"attachment-large size-large wp-image-4412\" alt=\"P\u0142atno\u015b\u0107 kart\u0105 Visa\" srcset=\"https:\/\/teeal.pl\/wp-content\/uploads\/2019\/04\/4.png 963w, https:\/\/teeal.pl\/wp-content\/uploads\/2019\/04\/4-300x109.png 300w, https:\/\/teeal.pl\/wp-content\/uploads\/2019\/04\/4-768x279.png 768w\" sizes=\"auto, (max-width: 963px) 100vw, 963px\" \/>\t\t\t\t\t\t\t\t\t\t\t\t\t\t\t<\/div>\n\t\t\t\t<\/div>\n\t\t\t\t\t<\/div>\n\t\t<\/div>\n\t\t\t\t\t\t\t<\/div>\n\t\t<\/section>\n\t\t\t\t<section class=\"elementor-section elementor-top-section elementor-element elementor-element-256c5b8 elementor-section-boxed elementor-section-height-default elementor-section-height-default\" data-id=\"256c5b8\" data-element_type=\"section\">\n\t\t\t\t\t\t<div class=\"elementor-container elementor-column-gap-default\">\n\t\t\t\t\t<div class=\"elementor-column elementor-col-100 elementor-top-column elementor-element elementor-element-1ba17ed\" data-id=\"1ba17ed\" data-element_type=\"column\">\n\t\t\t<div class=\"elementor-widget-wrap elementor-element-populated\">\n\t\t\t\t\t\t\t\t<div class=\"elementor-element elementor-element-9a9c4f4 elementor-widget elementor-widget-counter\" data-id=\"9a9c4f4\" data-element_type=\"widget\" data-widget_type=\"counter.default\">\n\t\t\t\t<div class=\"elementor-widget-container\">\n\t\t\t\t\t<div class=\"elementor-counter\">\n\t\t\t<div class=\"elementor-counter-number-wrapper\">\n\t\t\t\t<span class=\"elementor-counter-number-prefix\"><\/span>\n\t\t\t\t<span class=\"elementor-counter-number\" data-duration=\"3000\" data-to-value=\"5\" data-from-value=\"5\" data-delimiter=\",\">5<\/span>\n\t\t\t\t<span class=\"elementor-counter-number-suffix\"><\/span>\n\t\t\t<\/div>\n\t\t\t\t\t\t\t<div class=\"elementor-counter-title\">Wprowad\u017a dane swojej karty <\/div>\n\t\t\t\t\t<\/div>\n\t\t\t\t<\/div>\n\t\t\t\t<\/div>\n\t\t\t\t<div class=\"elementor-element elementor-element-f17918e elementor-widget elementor-widget-image\" data-id=\"f17918e\" data-element_type=\"widget\" data-widget_type=\"image.default\">\n\t\t\t\t<div class=\"elementor-widget-container\">\n\t\t\t\t\t\t\t\t\t\t\t\t\t\t\t<img loading=\"lazy\" decoding=\"async\" width=\"400\" height=\"411\" src=\"https:\/\/teeal.pl\/wp-content\/uploads\/2019\/04\/5.png\" class=\"attachment-large size-large wp-image-4413\" alt=\"P\u0142atno\u015b\u0107 kart\u0105 za wiz\u0119\" srcset=\"https:\/\/teeal.pl\/wp-content\/uploads\/2019\/04\/5.png 400w, https:\/\/teeal.pl\/wp-content\/uploads\/2019\/04\/5-292x300.png 292w\" sizes=\"auto, (max-width: 400px) 100vw, 400px\" \/>\t\t\t\t\t\t\t\t\t\t\t\t\t\t\t<\/div>\n\t\t\t\t<\/div>\n\t\t\t\t\t<\/div>\n\t\t<\/div>\n\t\t\t\t\t\t\t<\/div>\n\t\t<\/section>\n\t\t\t\t<section class=\"elementor-section elementor-top-section elementor-element elementor-element-3f1bbd9 elementor-section-boxed elementor-section-height-default elementor-section-height-default\" data-id=\"3f1bbd9\" data-element_type=\"section\">\n\t\t\t\t\t\t<div class=\"elementor-container elementor-column-gap-default\">\n\t\t\t\t\t<div class=\"elementor-column elementor-col-100 elementor-top-column elementor-element elementor-element-180230e\" data-id=\"180230e\" data-element_type=\"column\">\n\t\t\t<div class=\"elementor-widget-wrap elementor-element-populated\">\n\t\t\t\t\t\t\t\t<div class=\"elementor-element elementor-element-4c7fccd elementor-widget elementor-widget-counter\" data-id=\"4c7fccd\" data-element_type=\"widget\" data-widget_type=\"counter.default\">\n\t\t\t\t<div class=\"elementor-widget-container\">\n\t\t\t\t\t<div class=\"elementor-counter\">\n\t\t\t<div class=\"elementor-counter-number-wrapper\">\n\t\t\t\t<span class=\"elementor-counter-number-prefix\"><\/span>\n\t\t\t\t<span class=\"elementor-counter-number\" data-duration=\"3500\" data-to-value=\"6\" data-from-value=\"6\" data-delimiter=\",\">6<\/span>\n\t\t\t\t<span class=\"elementor-counter-number-suffix\"><\/span>\n\t\t\t<\/div>\n\t\t\t\t\t\t\t<div class=\"elementor-counter-title\">Otrzymaj potwierdzenie p\u0142atno\u015bci e-mailem lub pobierz je ze strony p\u0142atno\u015bci.<\/div>\n\t\t\t\t\t<\/div>\n\t\t\t\t<\/div>\n\t\t\t\t<\/div>\n\t\t\t\t<div class=\"elementor-element elementor-element-2ab8b8f elementor-widget elementor-widget-image\" data-id=\"2ab8b8f\" data-element_type=\"widget\" data-widget_type=\"image.default\">\n\t\t\t\t<div class=\"elementor-widget-container\">\n\t\t\t\t\t\t\t\t\t\t\t\t\t\t\t<img loading=\"lazy\" decoding=\"async\" width=\"653\" height=\"468\" src=\"https:\/\/teeal.pl\/wp-content\/uploads\/2019\/04\/6.png\" class=\"attachment-large size-large wp-image-4414\" alt=\"\" srcset=\"https:\/\/teeal.pl\/wp-content\/uploads\/2019\/04\/6.png 653w, https:\/\/teeal.pl\/wp-content\/uploads\/2019\/04\/6-300x215.png 300w\" sizes=\"auto, (max-width: 653px) 100vw, 653px\" \/>\t\t\t\t\t\t\t\t\t\t\t\t\t\t\t<\/div>\n\t\t\t\t<\/div>\n\t\t\t\t<div class=\"elementor-element elementor-element-4edcb8c elementor-widget elementor-widget-heading\" data-id=\"4edcb8c\" data-element_type=\"widget\" data-widget_type=\"heading.default\">\n\t\t\t\t<div class=\"elementor-widget-container\">\n\t\t\t<h3 class=\"elementor-heading-title elementor-size-default\"><p> Kliknij na przycisk\n<\/p>\n<p class=\"centerteeal\">\n<a href=\"https:\/\/my-payments.privatbank.ua\/mypayments\/customauth\/identification\/fp\/static?staticToken=6350a72498d8a60e341b327abfe2bcccrtmf67kk\" target=\"_blank\" rel=\"nofollow\"> <img decoding=\"async\" src=\"https:\/\/teeal.pl\/wp-content\/uploads\/2018\/11\/p1ru.radius.png\" alt=\"zap\u0142a\u0107 za us\u0142ugi wizowe\"><\/a><\/p><\/h3>\t\t<\/div>\n\t\t\t\t<\/div>\n\t\t\t\t\t<\/div>\n\t\t<\/div>\n\t\t\t\t\t\t\t<\/div>\n\t\t<\/section>\n\t\t\t\t\t\t\t<\/div>","protected":false},"excerpt":{"rendered":"<p>\u041a\u0430\u043a \u043e\u043f\u043b\u0430\u0442\u0438\u0442\u044c \u0430\u0432\u0430\u043d\u0441\u043e\u0432\u044b\u0439 \u043f\u043b\u0430\u0442\u0435\u0436 \u043d\u0430 \u0441\u0430\u0439\u0442\u0435 Teeal.pl 1 \u041d\u0430\u0436\u0438\u043c\u0430\u0435\u0442\u0435 \u043a\u043d\u043e\u043f\u043a\u0443 2 \u0412\u044b\u0431\u0435\u0440\u0435\u0442\u0435 \u0443\u0441\u043b\u0443\u0433\u0443 \u0437\u0430 \u043a\u043e\u0442\u043e\u0440\u0443\u044e \u0431\u0443\u0434\u0435\u0442\u0435 \u043e\u043f\u043b\u0430\u0447\u0438\u0432\u0430\u0442\u044c 3 \u0412\u0432\u0435\u0434\u0438\u0442\u0435 \u0432\u0430\u0448\u0435 \u0424\u0418\u041e, \u043d\u043e\u043c\u0435\u0440 \u0434\u043e\u0433\u043e\u0432\u043e\u0440\u0430 (\u043f\u0440\u0435\u0434\u043e\u0441\u0442\u0430\u0432\u043b\u044f\u0435\u0442 \u0441\u043f\u0435\u0446\u0438\u0430\u043b\u0438\u0441\u0442) \u0438 \u0441\u0443\u043c\u043c\u0443 \u0434\u043b\u044f \u043e\u043f\u043b\u0430\u0442\u044b, \u043d\u0430\u0436\u043c\u0438\u0442\u0435 \u043a\u043d\u043e\u043f\u043a\u0443 \u201c\u0417\u0431\u0435\u0440\u0435\u0433\u0442\u0438\u201d 4 \u0415\u0449\u0435 \u0440\u0430\u0437 \u043f\u043e\u0434\u0442\u0432\u0435\u0440\u0434\u0438\u0442\u0435 \u043e\u043f\u043b\u0430\u0442\u0443 5 \u0412\u0432\u0435\u0434\u0438\u0442\u0435 \u0434\u0430\u043d\u043d\u044b\u0435 \u0432\u0430\u0448\u0435\u0439 \u043a\u0430\u0440\u0442\u044b 6 \u041f\u043e\u043b\u0443\u0447\u0438\u0442\u0435 \u043a\u0432\u0438\u0442\u0430\u043d\u0446\u0438\u044e \u043e\u0431 \u043e\u043f\u043b\u0430\u0442\u0435 \u043d\u0430 \u043f\u043e\u0447\u0442\u0443 \u0438\u043b \u0441\u043a\u0430\u0447\u0430\u0439\u0442\u0435 \u043d\u0430 \u0441\u0442\u0440\u0430\u043d\u0438\u0446\u0435 \u043e\u043f\u043b\u0430\u0442\u044b \u041d\u0430\u0436\u043c\u0438\u0442\u0435 &hellip;<\/p>\n<p class=\"read-more\"> <a class=\"\" href=\"https:\/\/teeal.pl\/pl\/postepy\/\"> <span class=\"screen-reader-text\">osi\u0105gni\u0119cie<\/span> Czytaj wi\u0119cej \u00bb<\/a><\/p>","protected":false},"author":1,"featured_media":0,"parent":0,"menu_order":0,"comment_status":"closed","ping_status":"closed","template":"","meta":{"footnotes":""},"class_list":["post-2703","page","type-page","status-publish","hentry"],"acf":[],"_links":{"self":[{"href":"https:\/\/teeal.pl\/pl\/wp-json\/wp\/v2\/pages\/2703","targetHints":{"allow":["GET"]}}],"collection":[{"href":"https:\/\/teeal.pl\/pl\/wp-json\/wp\/v2\/pages"}],"about":[{"href":"https:\/\/teeal.pl\/pl\/wp-json\/wp\/v2\/types\/page"}],"author":[{"embeddable":true,"href":"https:\/\/teeal.pl\/pl\/wp-json\/wp\/v2\/users\/1"}],"replies":[{"embeddable":true,"href":"https:\/\/teeal.pl\/pl\/wp-json\/wp\/v2\/comments?post=2703"}],"version-history":[{"count":0,"href":"https:\/\/teeal.pl\/pl\/wp-json\/wp\/v2\/pages\/2703\/revisions"}],"wp:attachment":[{"href":"https:\/\/teeal.pl\/pl\/wp-json\/wp\/v2\/media?parent=2703"}],"curies":[{"name":"wp","href":"https:\/\/api.w.org\/{rel}","templated":true}]}}