{"id":433,"date":"2018-01-11T21:37:03","date_gmt":"2018-01-11T21:37:03","guid":{"rendered":"https:\/\/teeal.pl\/?page_id=433"},"modified":"2018-06-21T23:24:05","modified_gmt":"2018-06-21T20:24:05","slug":"anketa","status":"publish","type":"page","link":"https:\/\/teeal.pl\/pl\/anketa\/","title":{"rendered":"kwestionariusz"},"content":{"rendered":"<div data-elementor-type=\"wp-post\" data-elementor-id=\"433\" class=\"elementor elementor-433 elementor-bc-flex-widget\">\n\t\t\t\t\t\t\t\t\t<section class=\"elementor-section elementor-top-section elementor-element elementor-element-a4e0a0e elementor-section-boxed elementor-section-height-default elementor-section-height-default\" data-id=\"a4e0a0e\" data-element_type=\"section\">\n\t\t\t\t\t\t<div class=\"elementor-container elementor-column-gap-default\">\n\t\t\t\t\t<div class=\"elementor-column elementor-col-100 elementor-top-column elementor-element elementor-element-b4f2968\" data-id=\"b4f2968\" data-element_type=\"column\">\n\t\t\t<div class=\"elementor-widget-wrap elementor-element-populated\">\n\t\t\t\t\t\t\t\t<div class=\"elementor-element elementor-element-8a24c2f elementor-widget elementor-widget-text-editor\" data-id=\"8a24c2f\" data-element_type=\"widget\" data-widget_type=\"text-editor.default\">\n\t\t\t\t<div class=\"elementor-widget-container\">\n\t\t\t<style>\/*! elementor - v3.15.0 - 20-08-2023 *\/\n.elementor-widget-text-editor.elementor-drop-cap-view-stacked .elementor-drop-cap{background-color:#69727d;color:#fff}.elementor-widget-text-editor.elementor-drop-cap-view-framed .elementor-drop-cap{color:#69727d;border:3px solid;background-color:transparent}.elementor-widget-text-editor:not(.elementor-drop-cap-view-default) .elementor-drop-cap{margin-top:8px}.elementor-widget-text-editor:not(.elementor-drop-cap-view-default) .elementor-drop-cap-letter{width:1em;height:1em}.elementor-widget-text-editor .elementor-drop-cap{float:left;text-align:center;line-height:1;font-size:50px}.elementor-widget-text-editor .elementor-drop-cap-letter{display:inline-block}<\/style>\t\t\t\t<h4>\u00a0 \u00a0Na tej stronie mo\u017cna wype\u0142ni\u0107 wniosek o wiz\u0119 pracownicz\u0105 do Polski oraz dokumenty do pracy bez wizy.<\/h4><h4>\u00a0 \u00a0Pe\u0142na p\u0142atno\u015b\u0107 jest dokonywana dopiero po otrzymaniu ca\u0142ego pakietu dokument\u00f3w<\/h4>\t\t\t\t\t\t<\/div>\n\t\t\t\t<\/div>\n\t\t\t\t\t<\/div>\n\t\t<\/div>\n\t\t\t\t\t\t\t<\/div>\n\t\t<\/section>\n\t\t\t\t<section class=\"elementor-section elementor-top-section elementor-element elementor-element-6ecdb6bb elementor-section-boxed elementor-section-height-default elementor-section-height-default\" data-id=\"6ecdb6bb\" data-element_type=\"section\">\n\t\t\t\t\t\t<div class=\"elementor-container elementor-column-gap-default\">\n\t\t\t\t\t<div class=\"elementor-column elementor-col-100 elementor-top-column elementor-element elementor-element-d70e67c\" data-id=\"d70e67c\" data-element_type=\"column\">\n\t\t\t<div class=\"elementor-widget-wrap elementor-element-populated\">\n\t\t\t\t\t\t\t\t<div class=\"elementor-element elementor-element-5a80999 elementor-widget elementor-widget-shortcode\" data-id=\"5a80999\" data-element_type=\"widget\" data-widget_type=\"shortcode.default\">\n\t\t\t\t<div class=\"elementor-widget-container\">\n\t\t\t\t\t<div class=\"elementor-shortcode\">[contact-form-7 id=\"1189\" title=\"zam\u00f3w zaproszenie_copyX\"]<\/div>\n\t\t\t\t<\/div>\n\t\t\t\t<\/div>\n\t\t\t\t\t<\/div>\n\t\t<\/div>\n\t\t\t\t\t\t\t<\/div>\n\t\t<\/section>\n\t\t\t\t\t\t\t<\/div>","protected":false},"excerpt":{"rendered":"<p>\u00a0 \u00a0Na tej stronie mo\u017cna wype\u0142ni\u0107 wniosek o wiz\u0119 pracownicz\u0105 do Polski oraz dokumenty do pracy bez wizy Pe\u0142na p\u0142atno\u015b\u0107 dokonywana jest dopiero po otrzymaniu ca\u0142ego pakietu dokument\u00f3w [contact-form-7 id=\u00bb1189\u2033 title=\u00bbzam\u00f3w zaproszenie_copyX\u00bb].<\/p>","protected":false},"author":1,"featured_media":0,"parent":0,"menu_order":0,"comment_status":"closed","ping_status":"closed","template":"elementor_header_footer","meta":{"footnotes":""},"class_list":["post-433","page","type-page","status-publish","hentry"],"acf":[],"_links":{"self":[{"href":"https:\/\/teeal.pl\/pl\/wp-json\/wp\/v2\/pages\/433","targetHints":{"allow":["GET"]}}],"collection":[{"href":"https:\/\/teeal.pl\/pl\/wp-json\/wp\/v2\/pages"}],"about":[{"href":"https:\/\/teeal.pl\/pl\/wp-json\/wp\/v2\/types\/page"}],"author":[{"embeddable":true,"href":"https:\/\/teeal.pl\/pl\/wp-json\/wp\/v2\/users\/1"}],"replies":[{"embeddable":true,"href":"https:\/\/teeal.pl\/pl\/wp-json\/wp\/v2\/comments?post=433"}],"version-history":[{"count":0,"href":"https:\/\/teeal.pl\/pl\/wp-json\/wp\/v2\/pages\/433\/revisions"}],"wp:attachment":[{"href":"https:\/\/teeal.pl\/pl\/wp-json\/wp\/v2\/media?parent=433"}],"curies":[{"name":"wp","href":"https:\/\/api.w.org\/{rel}","templated":true}]}}