{"id":5436,"date":"2019-07-24T22:53:10","date_gmt":"2019-07-24T19:53:10","guid":{"rendered":"https:\/\/teeal.pl\/?page_id=5436"},"modified":"2019-08-08T21:26:09","modified_gmt":"2019-08-08T18:26:09","slug":"uslugi-dodatkowe-teeal-2","status":"publish","type":"page","link":"https:\/\/teeal.pl\/pl\/uslugi-dodatkowe-teeal-2\/","title":{"rendered":"Dodatkowe us\u0142ugi TEEAL"},"content":{"rendered":"<div data-elementor-type=\"wp-post\" data-elementor-id=\"5436\" class=\"elementor elementor-5436\">\n\t\t\t\t\t\t\t\t\t<section class=\"elementor-section elementor-top-section elementor-element elementor-element-6f03680 elementor-section-boxed elementor-section-height-default elementor-section-height-default\" data-id=\"6f03680\" data-element_type=\"section\">\n\t\t\t\t\t\t<div class=\"elementor-container elementor-column-gap-default\">\n\t\t\t\t\t<div class=\"elementor-column elementor-col-100 elementor-top-column elementor-element elementor-element-f734b97\" data-id=\"f734b97\" data-element_type=\"column\">\n\t\t\t<div class=\"elementor-widget-wrap elementor-element-populated\">\n\t\t\t\t\t\t\t\t<div class=\"elementor-element elementor-element-dee3f88 elementor-widget elementor-widget-heading\" data-id=\"dee3f88\" data-element_type=\"widget\" data-widget_type=\"heading.default\">\n\t\t\t\t<div class=\"elementor-widget-container\">\n\t\t\t<style>\/*! elementor - v3.15.0 - 20-08-2023 *\/\n.elementor-heading-title{padding:0;margin:0;line-height:1}.elementor-widget-heading .elementor-heading-title[class*=elementor-size-]>a{color:inherit;font-size:inherit;line-height:inherit}.elementor-widget-heading .elementor-heading-title.elementor-size-small{font-size:15px}.elementor-widget-heading .elementor-heading-title.elementor-size-medium{font-size:19px}.elementor-widget-heading .elementor-heading-title.elementor-size-large{font-size:29px}.elementor-widget-heading .elementor-heading-title.elementor-size-xl{font-size:39px}.elementor-widget-heading .elementor-heading-title.elementor-size-xxl{font-size:59px}<\/style><h2 class=\"elementor-heading-title elementor-size-default\">Dodatkowe us\u0142ugi zwi\u0105zane z zatrudnieniem w Polsce<\/h2>\t\t<\/div>\n\t\t\t\t<\/div>\n\t\t\t\t<div class=\"elementor-element elementor-element-30bdaa3 elementor-widget elementor-widget-text-editor\" data-id=\"30bdaa3\" data-element_type=\"widget\" data-widget_type=\"text-editor.default\">\n\t\t\t\t<div class=\"elementor-widget-container\">\n\t\t\t<style>\/*! elementor - v3.15.0 - 20-08-2023 *\/\n.elementor-widget-text-editor.elementor-drop-cap-view-stacked .elementor-drop-cap{background-color:#69727d;color:#fff}.elementor-widget-text-editor.elementor-drop-cap-view-framed .elementor-drop-cap{color:#69727d;border:3px solid;background-color:transparent}.elementor-widget-text-editor:not(.elementor-drop-cap-view-default) .elementor-drop-cap{margin-top:8px}.elementor-widget-text-editor:not(.elementor-drop-cap-view-default) .elementor-drop-cap-letter{width:1em;height:1em}.elementor-widget-text-editor .elementor-drop-cap{float:left;text-align:center;line-height:1;font-size:50px}.elementor-widget-text-editor .elementor-drop-cap-letter{display:inline-block}<\/style>\t\t\t\t<p><span style=\"font-family: helvetica, arial, sans-serif; font-size: 14pt;\">Wi\u0119kszo\u015b\u0107 z tych us\u0142ug jest ju\u017c zawarta w pakietach wsparcia wizowego. Je\u015bli posiadasz ju\u017c cz\u0119\u015b\u0107 dokument\u00f3w, mo\u017cesz zam\u00f3wi\u0107 je osobno.<\/span><\/p>\t\t\t\t\t\t<\/div>\n\t\t\t\t<\/div>\n\t\t\t\t<div class=\"elementor-element elementor-element-50098db elementor-widget elementor-widget-spacer\" data-id=\"50098db\" data-element_type=\"widget\" data-widget_type=\"spacer.default\">\n\t\t\t\t<div class=\"elementor-widget-container\">\n\t\t\t<style>\/*! elementor - v3.15.0 - 20-08-2023 *\/\n.elementor-column .elementor-spacer-inner{height:var(--spacer-size)}.e-con{--container-widget-width:100%}.e-con-inner>.elementor-widget-spacer,.e-con>.elementor-widget-spacer{width:var(--container-widget-width,var(--spacer-size));--align-self:var(--container-widget-align-self,initial);--flex-shrink:0}.e-con-inner>.elementor-widget-spacer>.elementor-widget-container,.e-con-inner>.elementor-widget-spacer>.elementor-widget-container>.elementor-spacer,.e-con>.elementor-widget-spacer>.elementor-widget-container,.e-con>.elementor-widget-spacer>.elementor-widget-container>.elementor-spacer{height:100%}.e-con-inner>.elementor-widget-spacer>.elementor-widget-container>.elementor-spacer>.elementor-spacer-inner,.e-con>.elementor-widget-spacer>.elementor-widget-container>.elementor-spacer>.elementor-spacer-inner{height:var(--container-widget-height,var(--spacer-size))}<\/style>\t\t<div class=\"elementor-spacer\">\n\t\t\t<div class=\"elementor-spacer-inner\"><\/div>\n\t\t<\/div>\n\t\t\t\t<\/div>\n\t\t\t\t<\/div>\n\t\t\t\t\t<\/div>\n\t\t<\/div>\n\t\t\t\t\t\t\t<\/div>\n\t\t<\/section>\n\t\t\t\t<section class=\"elementor-section elementor-top-section elementor-element elementor-element-139f0d3 elementor-section-content-middle elementor-section-boxed elementor-section-height-default elementor-section-height-default\" data-id=\"139f0d3\" data-element_type=\"section\">\n\t\t\t\t\t\t<div class=\"elementor-container elementor-column-gap-default\">\n\t\t\t\t\t<div class=\"elementor-column elementor-col-33 elementor-top-column elementor-element elementor-element-ac64205\" data-id=\"ac64205\" data-element_type=\"column\" data-settings=\"{&quot;background_background&quot;:&quot;classic&quot;}\">\n\t\t\t<div class=\"elementor-widget-wrap elementor-element-populated\">\n\t\t\t\t\t\t\t\t<div class=\"elementor-element elementor-element-8b705e6 elementor-view-default elementor-widget elementor-widget-icon\" data-id=\"8b705e6\" data-element_type=\"widget\" data-widget_type=\"icon.default\">\n\t\t\t\t<div class=\"elementor-widget-container\">\n\t\t\t\t\t<div class=\"elementor-icon-wrapper\">\n\t\t\t<a class=\"elementor-icon\" href=\"#elementor-action%3Aaction%3Dpopup%3Aopen%26settings%3DeyJpZCI6IjU0NjMiLCJ0b2dnbGUiOmZhbHNlfQ%3D%3D\">\n\t\t\t<svg aria-hidden=\"true\" class=\"e-font-icon-svg e-fas-bus-alt\" viewbox=\"0 0 512 512\" xmlns=\"http:\/\/www.w3.org\/2000\/svg\"><path d=\"M488 128h-8V80c0-44.8-99.2-80-224-80S32 35.2 32 80v48h-8c-13.25 0-24 10.74-24 24v80c0 13.25 10.75 24 24 24h8v160c0 17.67 14.33 32 32 32v32c0 17.67 14.33 32 32 32h32c17.67 0 32-14.33 32-32v-32h192v32c0 17.67 14.33 32 32 32h32c17.67 0 32-14.33 32-32v-32h6.4c16 0 25.6-12.8 25.6-25.6V256h8c13.25 0 24-10.75 24-24v-80c0-13.26-10.75-24-24-24zM160 72c0-4.42 3.58-8 8-8h176c4.42 0 8 3.58 8 8v16c0 4.42-3.58 8-8 8H168c-4.42 0-8-3.58-8-8V72zm-48 328c-17.67 0-32-14.33-32-32s14.33-32 32-32 32 14.33 32 32-14.33 32-32 32zm128-112H128c-17.67 0-32-14.33-32-32v-96c0-17.67 14.33-32 32-32h112v160zm32 0V128h112c17.67 0 32 14.33 32 32v96c0 17.67-14.33 32-32 32H272zm128 112c-17.67 0-32-14.33-32-32s14.33-32 32-32 32 14.33 32 32-14.33 32-32 32z\"><\/path><\/svg>\t\t\t<\/a>\n\t\t<\/div>\n\t\t\t\t<\/div>\n\t\t\t\t<\/div>\n\t\t\t\t<div class=\"elementor-element elementor-element-8fdb147 elementor-widget elementor-widget-heading\" data-id=\"8fdb147\" data-element_type=\"widget\" data-widget_type=\"heading.default\">\n\t\t\t\t<div class=\"elementor-widget-container\">\n\t\t\t<h3 class=\"elementor-heading-title elementor-size-default\"><a href=\"#elementor-action%3Aaction%3Dpopup%3Aopen%26settings%3DeyJpZCI6IjU0NjMiLCJ0b2dnbGUiOmZhbHNlfQ%3D%3D\">Transfer Lw\u00f3w-Warszawa-Lw\u00f3w <\/a><\/h3>\t\t<\/div>\n\t\t\t\t<\/div>\n\t\t\t\t<div class=\"elementor-element elementor-element-11854d1 elementor-align-center elementor-widget elementor-widget-button\" data-id=\"11854d1\" data-element_type=\"widget\" data-widget_type=\"button.default\">\n\t\t\t\t<div class=\"elementor-widget-container\">\n\t\t\t\t\t<div class=\"elementor-button-wrapper\">\n\t\t\t<a class=\"elementor-button elementor-button-link elementor-size-sm\" href=\"#elementor-action%3Aaction%3Dpopup%3Aopen%26settings%3DeyJpZCI6IjU0NjMiLCJ0b2dnbGUiOmZhbHNlfQ%3D%3D\">\n\t\t\t\t\t\t<span class=\"elementor-button-content-wrapper\">\n\t\t\t\t\t\t<span class=\"elementor-button-text\">700 UAH.<\/span>\n\t\t<\/span>\n\t\t\t\t\t<\/a>\n\t\t<\/div>\n\t\t\t\t<\/div>\n\t\t\t\t<\/div>\n\t\t\t\t\t<\/div>\n\t\t<\/div>\n\t\t\t\t<div class=\"elementor-column elementor-col-33 elementor-top-column elementor-element elementor-element-af39560\" data-id=\"af39560\" data-element_type=\"column\" data-settings=\"{&quot;background_background&quot;:&quot;classic&quot;}\">\n\t\t\t<div class=\"elementor-widget-wrap elementor-element-populated\">\n\t\t\t\t\t\t\t\t<div class=\"elementor-element elementor-element-a1ae87a elementor-view-default elementor-widget elementor-widget-icon\" data-id=\"a1ae87a\" data-element_type=\"widget\" data-widget_type=\"icon.default\">\n\t\t\t\t<div class=\"elementor-widget-container\">\n\t\t\t\t\t<div class=\"elementor-icon-wrapper\">\n\t\t\t<a class=\"elementor-icon\" href=\"#elementor-action%3Aaction%3Dpopup%3Aopen%26settings%3DeyJpZCI6IjU2MDEiLCJ0b2dnbGUiOmZhbHNlfQ%3D%3D\">\n\t\t\t<svg aria-hidden=\"true\" class=\"e-font-icon-svg e-far-clipboard\" viewbox=\"0 0 384 512\" xmlns=\"http:\/\/www.w3.org\/2000\/svg\"><path d=\"M336 64h-80c0-35.3-28.7-64-64-64s-64 28.7-64 64H48C21.5 64 0 85.5 0 112v352c0 26.5 21.5 48 48 48h288c26.5 0 48-21.5 48-48V112c0-26.5-21.5-48-48-48zM192 40c13.3 0 24 10.7 24 24s-10.7 24-24 24-24-10.7-24-24 10.7-24 24-24zm144 418c0 3.3-2.7 6-6 6H54c-3.3 0-6-2.7-6-6V118c0-3.3 2.7-6 6-6h42v36c0 6.6 5.4 12 12 12h168c6.6 0 12-5.4 12-12v-36h42c3.3 0 6 2.7 6 6z\"><\/path><\/svg>\t\t\t<\/a>\n\t\t<\/div>\n\t\t\t\t<\/div>\n\t\t\t\t<\/div>\n\t\t\t\t<div class=\"elementor-element elementor-element-d2b862c elementor-widget elementor-widget-heading\" data-id=\"d2b862c\" data-element_type=\"widget\" data-widget_type=\"heading.default\">\n\t\t\t\t<div class=\"elementor-widget-container\">\n\t\t\t<h3 class=\"elementor-heading-title elementor-size-default\"><a href=\"#elementor-action%3Aaction%3Dpopup%3Aopen%26settings%3DeyJpZCI6IjU2MDEiLCJ0b2dnbGUiOmZhbHNlfQ%3D%3D\">Formularz wniosku o wydanie wizy do centrum wizowego<\/a><\/h3>\t\t<\/div>\n\t\t\t\t<\/div>\n\t\t\t\t<div class=\"elementor-element elementor-element-bbd99b6 elementor-align-center elementor-widget elementor-widget-button\" data-id=\"bbd99b6\" data-element_type=\"widget\" data-widget_type=\"button.default\">\n\t\t\t\t<div class=\"elementor-widget-container\">\n\t\t\t\t\t<div class=\"elementor-button-wrapper\">\n\t\t\t<a class=\"elementor-button elementor-button-link elementor-size-sm\" href=\"#elementor-action%3Aaction%3Dpopup%3Aopen%26settings%3DeyJpZCI6IjU2MDEiLCJ0b2dnbGUiOmZhbHNlfQ%3D%3D\">\n\t\t\t\t\t\t<span class=\"elementor-button-content-wrapper\">\n\t\t\t\t\t\t<span class=\"elementor-button-text\">90 UAH.<\/span>\n\t\t<\/span>\n\t\t\t\t\t<\/a>\n\t\t<\/div>\n\t\t\t\t<\/div>\n\t\t\t\t<\/div>\n\t\t\t\t\t<\/div>\n\t\t<\/div>\n\t\t\t\t<div class=\"elementor-column elementor-col-33 elementor-top-column elementor-element elementor-element-daefd66\" data-id=\"daefd66\" data-element_type=\"column\" data-settings=\"{&quot;background_background&quot;:&quot;classic&quot;}\">\n\t\t\t<div class=\"elementor-widget-wrap elementor-element-populated\">\n\t\t\t\t\t\t\t\t<div class=\"elementor-element elementor-element-0c79edb elementor-view-default elementor-widget elementor-widget-icon\" data-id=\"0c79edb\" data-element_type=\"widget\" data-widget_type=\"icon.default\">\n\t\t\t\t<div class=\"elementor-widget-container\">\n\t\t\t\t\t<div class=\"elementor-icon-wrapper\">\n\t\t\t<a class=\"elementor-icon\" href=\"#elementor-action%3Aaction%3Dpopup%3Aopen%26settings%3DeyJpZCI6IjU1MjYiLCJ0b2dnbGUiOmZhbHNlfQ%3D%3D\">\n\t\t\t<svg aria-hidden=\"true\" class=\"e-font-icon-svg e-fas-clinic-medical\" viewbox=\"0 0 576 512\" xmlns=\"http:\/\/www.w3.org\/2000\/svg\"><path d=\"M288 115L69.47 307.71c-1.62 1.46-3.69 2.14-5.47 3.35V496a16 16 0 0 0 16 16h416a16 16 0 0 0 16-16V311.1c-1.7-1.16-3.72-1.82-5.26-3.2zm96 261a8 8 0 0 1-8 8h-56v56a8 8 0 0 1-8 8h-48a8 8 0 0 1-8-8v-56h-56a8 8 0 0 1-8-8v-48a8 8 0 0 1 8-8h56v-56a8 8 0 0 1 8-8h48a8 8 0 0 1 8 8v56h56a8 8 0 0 1 8 8zm186.69-139.72l-255.94-226a39.85 39.85 0 0 0-53.45 0l-256 226a16 16 0 0 0-1.21 22.6L25.5 282.7a16 16 0 0 0 22.6 1.21L277.42 81.63a16 16 0 0 1 21.17 0L527.91 283.9a16 16 0 0 0 22.6-1.21l21.4-23.82a16 16 0 0 0-1.22-22.59z\"><\/path><\/svg>\t\t\t<\/a>\n\t\t<\/div>\n\t\t\t\t<\/div>\n\t\t\t\t<\/div>\n\t\t\t\t<div class=\"elementor-element elementor-element-c555fbe elementor-widget elementor-widget-heading\" data-id=\"c555fbe\" data-element_type=\"widget\" data-widget_type=\"heading.default\">\n\t\t\t\t<div class=\"elementor-widget-container\">\n\t\t\t<h3 class=\"elementor-heading-title elementor-size-default\"><a href=\"#elementor-action%3Aaction%3Dpopup%3Aopen%26settings%3DeyJpZCI6IjU1MjYiLCJ0b2dnbGUiOmZhbHNlfQ%3D%3D\">Ubezpieczenie od bezrobocia<\/a><\/h3>\t\t<\/div>\n\t\t\t\t<\/div>\n\t\t\t\t<div class=\"elementor-element elementor-element-dc5fd22 elementor-align-center elementor-widget elementor-widget-button\" data-id=\"dc5fd22\" data-element_type=\"widget\" data-widget_type=\"button.default\">\n\t\t\t\t<div class=\"elementor-widget-container\">\n\t\t\t\t\t<div class=\"elementor-button-wrapper\">\n\t\t\t<a class=\"elementor-button elementor-button-link elementor-size-sm\" href=\"#elementor-action%3Aaction%3Dpopup%3Aopen%26settings%3DeyJpZCI6IjU1MjYiLCJ0b2dnbGUiOmZhbHNlfQ%3D%3D\">\n\t\t\t\t\t\t<span class=\"elementor-button-content-wrapper\">\n\t\t\t\t\t\t<span class=\"elementor-button-text\">od 300 UAH.<\/span>\n\t\t<\/span>\n\t\t\t\t\t<\/a>\n\t\t<\/div>\n\t\t\t\t<\/div>\n\t\t\t\t<\/div>\n\t\t\t\t\t<\/div>\n\t\t<\/div>\n\t\t\t\t\t\t\t<\/div>\n\t\t<\/section>\n\t\t\t\t\t\t\t<\/div>","protected":false},"excerpt":{"rendered":"<p>\u0414\u043e\u043f\u043e\u043b\u043d\u0438\u0442\u0435\u043b\u044c\u043d\u044b\u0435 \u0443\u0441\u043b\u0443\u0433\u0438 \u043f\u043e \u0442\u0440\u0443\u0434\u043e\u0443\u0441\u0442\u0440\u043e\u0439\u0441\u0442\u0432\u0443 \u0432 \u041f\u043e\u043b\u044c\u0448\u0443 \u0411\u043e\u043b\u044c\u0448\u0438\u043d\u0441\u0442\u0432\u043e \u044d\u0442\u0438\u0445 \u0443\u0441\u043b\u0443\u0433 \u0443\u0436\u0435 \u0432\u043a\u043b\u044e\u0447\u0435\u043d\u044b \u0432 \u043f\u0430\u043a\u0435\u0442\u044b \u0432\u0438\u0437\u043e\u0432\u043e\u0439 \u043f\u043e\u0434\u0434\u0435\u0440\u0436\u043a\u0438. \u0418 \u0435\u0441\u043b\u0438 \u043a\u0430\u043a\u0430\u044f \u0442\u043e \u0447\u0430\u0441\u0442\u044c \u0434\u043e\u043a\u0443\u043c\u0435\u043d\u0442\u043e\u0432 \u0443 \u0432\u0430\u0441 \u0443\u0436\u0435 \u0435\u0441\u0442\u044c &#8212; \u0432\u044b \u043c\u043e\u0436\u0435\u0442\u0435 \u0437\u0430\u043a\u0430\u0437\u0430\u0442\u044c \u0438\u0445 \u043e\u0442\u0434\u0435\u043b\u044c\u043d\u043e \u0422\u0440\u0430\u043d\u0441\u0444\u0435\u0440 \u041b\u044c\u0432\u043e\u0432-\u0412\u0430\u0440\u0448\u0430\u0432\u0430-\u041b\u044c\u0432\u043e\u0432 700 \u0433\u0440\u043d. \u0410\u043d\u043a\u0435\u0442\u0430 \u0432 \u0432\u0438\u0437\u043e\u0432\u044b\u0439 \u0446\u0435\u043d\u0442\u0440 90 \u0433\u0440\u043d. \u0421\u0442\u0440\u0430\u0445\u043e\u0432\u043a\u0430 \u0434\u043b\u044f \u0442\u0440\u0443\u0434\u043e\u0443\u0441\u0442\u0440\u043e\u0439\u0441\u0442\u0432\u0430 \u043e\u0442 300 \u0433\u0440\u043d.<\/p>","protected":false},"author":1,"featured_media":5437,"parent":0,"menu_order":0,"comment_status":"closed","ping_status":"closed","template":"","meta":{"footnotes":""},"class_list":["post-5436","page","type-page","status-publish","has-post-thumbnail","hentry"],"acf":[],"_links":{"self":[{"href":"https:\/\/teeal.pl\/pl\/wp-json\/wp\/v2\/pages\/5436","targetHints":{"allow":["GET"]}}],"collection":[{"href":"https:\/\/teeal.pl\/pl\/wp-json\/wp\/v2\/pages"}],"about":[{"href":"https:\/\/teeal.pl\/pl\/wp-json\/wp\/v2\/types\/page"}],"author":[{"embeddable":true,"href":"https:\/\/teeal.pl\/pl\/wp-json\/wp\/v2\/users\/1"}],"replies":[{"embeddable":true,"href":"https:\/\/teeal.pl\/pl\/wp-json\/wp\/v2\/comments?post=5436"}],"version-history":[{"count":0,"href":"https:\/\/teeal.pl\/pl\/wp-json\/wp\/v2\/pages\/5436\/revisions"}],"wp:featuredmedia":[{"embeddable":true,"href":"https:\/\/teeal.pl\/pl\/wp-json\/wp\/v2\/media\/5437"}],"wp:attachment":[{"href":"https:\/\/teeal.pl\/pl\/wp-json\/wp\/v2\/media?parent=5436"}],"curies":[{"name":"wp","href":"https:\/\/api.w.org\/{rel}","templated":true}]}}