{"id":557,"date":"2018-01-14T18:40:46","date_gmt":"2018-01-14T18:40:46","guid":{"rendered":"https:\/\/teeal.pl\/?page_id=557"},"modified":"2018-06-21T23:24:05","modified_gmt":"2018-06-21T20:24:05","slug":"cthrovka-dlja-rabota-v-pol-ona","status":"publish","type":"page","link":"https:\/\/teeal.pl\/pl\/cthrovka-dlja-rabota-v-pol-ona\/","title":{"rendered":"Ubezpieczenie do pracy w Polsce"},"content":{"rendered":"<div data-elementor-type=\"wp-post\" data-elementor-id=\"557\" class=\"elementor elementor-557 elementor-bc-flex-widget\">\n\t\t\t\t\t\t\t\t\t<section class=\"elementor-section elementor-top-section elementor-element elementor-element-19c46f5 elementor-section-boxed elementor-section-height-default elementor-section-height-default\" data-id=\"19c46f5\" data-element_type=\"section\">\n\t\t\t\t\t\t<div class=\"elementor-container elementor-column-gap-default\">\n\t\t\t\t\t<div class=\"elementor-column elementor-col-100 elementor-top-column elementor-element elementor-element-fccbdf2\" data-id=\"fccbdf2\" data-element_type=\"column\">\n\t\t\t<div class=\"elementor-widget-wrap elementor-element-populated\">\n\t\t\t\t\t\t\t\t<div class=\"elementor-element elementor-element-c9260aa elementor-widget elementor-widget-heading\" data-id=\"c9260aa\" data-element_type=\"widget\" data-widget_type=\"heading.default\">\n\t\t\t\t<div class=\"elementor-widget-container\">\n\t\t\t<style>\/*! elementor - v3.15.0 - 20-08-2023 *\/\n.elementor-heading-title{padding:0;margin:0;line-height:1}.elementor-widget-heading .elementor-heading-title[class*=elementor-size-]>a{color:inherit;font-size:inherit;line-height:inherit}.elementor-widget-heading .elementor-heading-title.elementor-size-small{font-size:15px}.elementor-widget-heading .elementor-heading-title.elementor-size-medium{font-size:19px}.elementor-widget-heading .elementor-heading-title.elementor-size-large{font-size:29px}.elementor-widget-heading .elementor-heading-title.elementor-size-xl{font-size:39px}.elementor-widget-heading .elementor-heading-title.elementor-size-xxl{font-size:59px}<\/style><h1 class=\"elementor-heading-title elementor-size-default\">Aby przekroczy\u0107 granic\u0119 i legalnie pracowa\u0107 w Polsce, musisz posiada\u0107 polis\u0119 ubezpieczeniow\u0105 na ca\u0142y okres pobytu.<\/h1>\t\t<\/div>\n\t\t\t\t<\/div>\n\t\t\t\t\t<\/div>\n\t\t<\/div>\n\t\t\t\t\t\t\t<\/div>\n\t\t<\/section>\n\t\t\t\t<section class=\"elementor-section elementor-top-section elementor-element elementor-element-9ecb300 elementor-section-boxed elementor-section-height-default elementor-section-height-default\" data-id=\"9ecb300\" data-element_type=\"section\">\n\t\t\t\t\t\t<div class=\"elementor-container elementor-column-gap-default\">\n\t\t\t\t\t<div class=\"elementor-column elementor-col-100 elementor-top-column elementor-element elementor-element-da42244\" data-id=\"da42244\" data-element_type=\"column\">\n\t\t\t<div class=\"elementor-widget-wrap elementor-element-populated\">\n\t\t\t\t\t\t\t\t<div class=\"elementor-element elementor-element-64f6805 elementor-widget elementor-widget-heading\" data-id=\"64f6805\" data-element_type=\"widget\" data-widget_type=\"heading.default\">\n\t\t\t\t<div class=\"elementor-widget-container\">\n\t\t\t<h2 class=\"elementor-heading-title elementor-size-default\">Zesp\u00f3\u0142 teeal wsp\u00f3lnie z naszym oficjalnym partnerem VUSO wybra\u0142 dla Ciebie najkorzystniejsze rozwi\u0105zanie.<\/h2>\t\t<\/div>\n\t\t\t\t<\/div>\n\t\t\t\t\t<\/div>\n\t\t<\/div>\n\t\t\t\t\t\t\t<\/div>\n\t\t<\/section>\n\t\t\t\t<section class=\"elementor-section elementor-top-section elementor-element elementor-element-368f70d elementor-section-boxed elementor-section-height-default elementor-section-height-default\" data-id=\"368f70d\" data-element_type=\"section\">\n\t\t\t\t\t\t<div class=\"elementor-container elementor-column-gap-default\">\n\t\t\t\t\t<div class=\"elementor-column elementor-col-50 elementor-top-column elementor-element elementor-element-8db0f91\" data-id=\"8db0f91\" data-element_type=\"column\">\n\t\t\t<div class=\"elementor-widget-wrap elementor-element-populated\">\n\t\t\t\t\t\t\t\t<div class=\"elementor-element elementor-element-4b192b6 elementor-widget elementor-widget-image\" data-id=\"4b192b6\" data-element_type=\"widget\" data-widget_type=\"image.default\">\n\t\t\t\t<div class=\"elementor-widget-container\">\n\t\t\t<style>\/*! elementor - v3.15.0 - 20-08-2023 *\/\n.elementor-widget-image{text-align:center}.elementor-widget-image a{display:inline-block}.elementor-widget-image a img[src$=\".svg\"]{width:48px}.elementor-widget-image img{vertical-align:middle;display:inline-block}<\/style>\t\t\t\t\t\t\t\t\t\t\t\t<img loading=\"lazy\" decoding=\"async\" width=\"400\" height=\"400\" src=\"https:\/\/teeal.pl\/wp-content\/uploads\/2018\/01\/straxovka_teeal.png\" class=\"attachment-large size-large wp-image-562\" alt=\"ubezpieczenie w Polsce\" srcset=\"https:\/\/teeal.pl\/wp-content\/uploads\/2018\/01\/straxovka_teeal.png 400w, https:\/\/teeal.pl\/wp-content\/uploads\/2018\/01\/straxovka_teeal-300x300.png 300w, https:\/\/teeal.pl\/wp-content\/uploads\/2018\/01\/straxovka_teeal-100x100.png 100w, https:\/\/teeal.pl\/wp-content\/uploads\/2018\/01\/straxovka_teeal-150x150.png 150w\" sizes=\"auto, (max-width: 400px) 100vw, 400px\" \/>\t\t\t\t\t\t\t\t\t\t\t\t\t\t\t<\/div>\n\t\t\t\t<\/div>\n\t\t\t\t\t<\/div>\n\t\t<\/div>\n\t\t\t\t<div class=\"elementor-column elementor-col-50 elementor-top-column elementor-element elementor-element-1651e6f\" data-id=\"1651e6f\" data-element_type=\"column\">\n\t\t\t<div class=\"elementor-widget-wrap elementor-element-populated\">\n\t\t\t\t\t\t\t\t<div class=\"elementor-element elementor-element-91463d3 elementor-widget elementor-widget-image\" data-id=\"91463d3\" data-element_type=\"widget\" data-widget_type=\"image.default\">\n\t\t\t\t<div class=\"elementor-widget-container\">\n\t\t\t\t\t\t\t\t\t\t\t\t\t\t\t<img loading=\"lazy\" decoding=\"async\" width=\"400\" height=\"400\" src=\"https:\/\/teeal.pl\/wp-content\/uploads\/2018\/01\/straxovka_vizovij.png\" class=\"attachment-large size-large wp-image-561\" alt=\"ubezpieczenie w centrum wizowym\" srcset=\"https:\/\/teeal.pl\/wp-content\/uploads\/2018\/01\/straxovka_vizovij.png 400w, https:\/\/teeal.pl\/wp-content\/uploads\/2018\/01\/straxovka_vizovij-300x300.png 300w, https:\/\/teeal.pl\/wp-content\/uploads\/2018\/01\/straxovka_vizovij-100x100.png 100w, https:\/\/teeal.pl\/wp-content\/uploads\/2018\/01\/straxovka_vizovij-150x150.png 150w\" sizes=\"auto, (max-width: 400px) 100vw, 400px\" \/>\t\t\t\t\t\t\t\t\t\t\t\t\t\t\t<\/div>\n\t\t\t\t<\/div>\n\t\t\t\t\t<\/div>\n\t\t<\/div>\n\t\t\t\t\t\t\t<\/div>\n\t\t<\/section>\n\t\t\t\t<section class=\"elementor-section elementor-top-section elementor-element elementor-element-74cfd73 elementor-section-boxed elementor-section-height-default elementor-section-height-default\" data-id=\"74cfd73\" data-element_type=\"section\">\n\t\t\t\t\t\t<div class=\"elementor-container elementor-column-gap-default\">\n\t\t\t\t\t<div class=\"elementor-column elementor-col-100 elementor-top-column elementor-element elementor-element-137e143\" data-id=\"137e143\" data-element_type=\"column\">\n\t\t\t<div class=\"elementor-widget-wrap elementor-element-populated\">\n\t\t\t\t\t\t\t\t<div class=\"elementor-element elementor-element-271feab elementor-widget elementor-widget-spacer\" data-id=\"271feab\" data-element_type=\"widget\" data-widget_type=\"spacer.default\">\n\t\t\t\t<div class=\"elementor-widget-container\">\n\t\t\t<style>\/*! elementor - v3.15.0 - 20-08-2023 *\/\n.elementor-column .elementor-spacer-inner{height:var(--spacer-size)}.e-con{--container-widget-width:100%}.e-con-inner>.elementor-widget-spacer,.e-con>.elementor-widget-spacer{width:var(--container-widget-width,var(--spacer-size));--align-self:var(--container-widget-align-self,initial);--flex-shrink:0}.e-con-inner>.elementor-widget-spacer>.elementor-widget-container,.e-con-inner>.elementor-widget-spacer>.elementor-widget-container>.elementor-spacer,.e-con>.elementor-widget-spacer>.elementor-widget-container,.e-con>.elementor-widget-spacer>.elementor-widget-container>.elementor-spacer{height:100%}.e-con-inner>.elementor-widget-spacer>.elementor-widget-container>.elementor-spacer>.elementor-spacer-inner,.e-con>.elementor-widget-spacer>.elementor-widget-container>.elementor-spacer>.elementor-spacer-inner{height:var(--container-widget-height,var(--spacer-size))}<\/style>\t\t<div class=\"elementor-spacer\">\n\t\t\t<div class=\"elementor-spacer-inner\"><\/div>\n\t\t<\/div>\n\t\t\t\t<\/div>\n\t\t\t\t<\/div>\n\t\t\t\t<div class=\"elementor-element elementor-element-fc1f499 elementor-widget elementor-widget-heading\" data-id=\"fc1f499\" data-element_type=\"widget\" data-widget_type=\"heading.default\">\n\t\t\t\t<div class=\"elementor-widget-container\">\n\t\t\t<h3 class=\"elementor-heading-title elementor-size-default\">Cenimy Ci\u0119 i wsp\u00f3\u0142pracujemy z VUSO, poniewa\u017c:<\/h3>\t\t<\/div>\n\t\t\t\t<\/div>\n\t\t\t\t<div class=\"elementor-element elementor-element-2f5cc6e elementor-widget elementor-widget-image\" data-id=\"2f5cc6e\" data-element_type=\"widget\" data-widget_type=\"image.default\">\n\t\t\t\t<div class=\"elementor-widget-container\">\n\t\t\t\t\t\t\t\t\t\t\t\t\t\t\t<img loading=\"lazy\" decoding=\"async\" width=\"1024\" height=\"285\" src=\"https:\/\/teeal.pl\/wp-content\/uploads\/2018\/01\/vuso-1-1024x285.png\" class=\"attachment-large size-large wp-image-563\" alt=\"ubezpieczenie do wizy do Polski\" srcset=\"https:\/\/teeal.pl\/wp-content\/uploads\/2018\/01\/vuso-1-1024x285.png 1024w, https:\/\/teeal.pl\/wp-content\/uploads\/2018\/01\/vuso-1-600x167.png 600w, https:\/\/teeal.pl\/wp-content\/uploads\/2018\/01\/vuso-1-300x83.png 300w, https:\/\/teeal.pl\/wp-content\/uploads\/2018\/01\/vuso-1-768x214.png 768w, https:\/\/teeal.pl\/wp-content\/uploads\/2018\/01\/vuso-1.png 1028w\" sizes=\"auto, (max-width: 1024px) 100vw, 1024px\" \/>\t\t\t\t\t\t\t\t\t\t\t\t\t\t\t<\/div>\n\t\t\t\t<\/div>\n\t\t\t\t\t<\/div>\n\t\t<\/div>\n\t\t\t\t\t\t\t<\/div>\n\t\t<\/section>\n\t\t\t\t<section class=\"elementor-section elementor-top-section elementor-element elementor-element-8927922 elementor-section-boxed elementor-section-height-default elementor-section-height-default\" data-id=\"8927922\" data-element_type=\"section\">\n\t\t\t\t\t\t<div class=\"elementor-container elementor-column-gap-default\">\n\t\t\t\t\t<div class=\"elementor-column elementor-col-100 elementor-top-column elementor-element elementor-element-29f4b3b\" data-id=\"29f4b3b\" data-element_type=\"column\">\n\t\t\t<div class=\"elementor-widget-wrap elementor-element-populated\">\n\t\t\t\t\t\t\t\t<div class=\"elementor-element elementor-element-2fc217e elementor-widget elementor-widget-spacer\" data-id=\"2fc217e\" data-element_type=\"widget\" data-widget_type=\"spacer.default\">\n\t\t\t\t<div class=\"elementor-widget-container\">\n\t\t\t\t\t<div class=\"elementor-spacer\">\n\t\t\t<div class=\"elementor-spacer-inner\"><\/div>\n\t\t<\/div>\n\t\t\t\t<\/div>\n\t\t\t\t<\/div>\n\t\t\t\t<div class=\"elementor-element elementor-element-73aaeb9 elementor-widget elementor-widget-heading\" data-id=\"73aaeb9\" data-element_type=\"widget\" data-widget_type=\"heading.default\">\n\t\t\t\t<div class=\"elementor-widget-container\">\n\t\t\t<h3 class=\"elementor-heading-title elementor-size-default\">Na tej stronie mo\u017cesz z\u0142o\u017cy\u0107 wniosek o ubezpieczenie. Skontaktujemy si\u0119 z Tob\u0105 w celu weryfikacji danych przed jego rozpatrzeniem. Koszt polisy ubezpieczeniowej na 180 dni wynosi 360 UAH. Przedp\u0142ata nie jest wymagana; p\u0142acisz po otrzymaniu i weryfikacji polisy. Z\u0142\u00f3\u017c wniosek o ubezpieczenie. Zapoznaj si\u0119 z umow\u0105 ubezpieczeniow\u0105.<\/h3>\t\t<\/div>\n\t\t\t\t<\/div>\n\t\t\t\t<div class=\"elementor-element elementor-element-167c59b elementor-widget elementor-widget-spacer\" data-id=\"167c59b\" data-element_type=\"widget\" data-widget_type=\"spacer.default\">\n\t\t\t\t<div class=\"elementor-widget-container\">\n\t\t\t\t\t<div class=\"elementor-spacer\">\n\t\t\t<div class=\"elementor-spacer-inner\"><\/div>\n\t\t<\/div>\n\t\t\t\t<\/div>\n\t\t\t\t<\/div>\n\t\t\t\t\t<\/div>\n\t\t<\/div>\n\t\t\t\t\t\t\t<\/div>\n\t\t<\/section>\n\t\t\t\t<section class=\"elementor-section elementor-top-section elementor-element elementor-element-5ea0f18 elementor-section-boxed elementor-section-height-default elementor-section-height-default\" data-id=\"5ea0f18\" data-element_type=\"section\">\n\t\t\t\t\t\t<div class=\"elementor-container elementor-column-gap-default\">\n\t\t\t\t\t<div class=\"elementor-column elementor-col-50 elementor-top-column elementor-element elementor-element-52947f5\" data-id=\"52947f5\" data-element_type=\"column\">\n\t\t\t<div class=\"elementor-widget-wrap elementor-element-populated\">\n\t\t\t\t\t\t\t\t<div class=\"elementor-element elementor-element-78d7900 elementor-align-center elementor-widget elementor-widget-button\" data-id=\"78d7900\" data-element_type=\"widget\" data-widget_type=\"button.default\">\n\t\t\t\t<div class=\"elementor-widget-container\">\n\t\t\t\t\t<div class=\"elementor-button-wrapper\">\n\t\t\t<a class=\"elementor-button elementor-button-link elementor-size-sm\" href=\"https:\/\/teeal.pl\/pl\/anketa\/\" target=\"_blank\">\n\t\t\t\t\t\t<span class=\"elementor-button-content-wrapper\">\n\t\t\t\t\t\t<span class=\"elementor-button-icon elementor-align-icon-left\">\n\t\t\t\t\t\t\t\t\t<i class=\"fa fa-address-card-o\" aria-hidden=\"true\"><\/i>\n\t\t\t\t\t\t\t<\/span>\n\t\t\t\t\t\t<span class=\"elementor-button-text\">Wniosek o polis\u0119 ubezpieczeniow\u0105<\/span>\n\t\t<\/span>\n\t\t\t\t\t<\/a>\n\t\t<\/div>\n\t\t\t\t<\/div>\n\t\t\t\t<\/div>\n\t\t\t\t\t<\/div>\n\t\t<\/div>\n\t\t\t\t<div class=\"elementor-column elementor-col-50 elementor-top-column elementor-element elementor-element-d28ff55\" data-id=\"d28ff55\" data-element_type=\"column\">\n\t\t\t<div class=\"elementor-widget-wrap elementor-element-populated\">\n\t\t\t\t\t\t\t\t<div class=\"elementor-element elementor-element-92960c6 elementor-align-center elementor-widget elementor-widget-button\" data-id=\"92960c6\" data-element_type=\"widget\" data-widget_type=\"button.default\">\n\t\t\t\t<div class=\"elementor-widget-container\">\n\t\t\t\t\t<div class=\"elementor-button-wrapper\">\n\t\t\t<a class=\"elementor-button elementor-button-link elementor-size-sm\" href=\"https:\/\/drive.google.com\/file\/d\/1VQNwTsrAh3-QFDzuFrju7JUFy9374yaG\/view?usp=drive_web\" target=\"_blank\" rel=\"nofollow\">\n\t\t\t\t\t\t<span class=\"elementor-button-content-wrapper\">\n\t\t\t\t\t\t<span class=\"elementor-button-icon elementor-align-icon-left\">\n\t\t\t\t\t\t\t\t\t<i class=\"fa fa-info-circle\" aria-hidden=\"true\"><\/i>\n\t\t\t\t\t\t\t<\/span>\n\t\t\t\t\t\t<span class=\"elementor-button-text\">Przejrzyj umow\u0119 ubezpieczeniow\u0105<\/span>\n\t\t<\/span>\n\t\t\t\t\t<\/a>\n\t\t<\/div>\n\t\t\t\t<\/div>\n\t\t\t\t<\/div>\n\t\t\t\t\t<\/div>\n\t\t<\/div>\n\t\t\t\t\t\t\t<\/div>\n\t\t<\/section>\n\t\t\t\t\t\t\t<\/div>","protected":false},"excerpt":{"rendered":"<p>\u0414\u043b\u044f \u043f\u0440\u0435\u0441\u0435\u0447\u0435\u043d\u0438\u044f \u0433\u0440\u0430\u043d\u0438\u0446\u044b \u0438 \u0434\u043b\u044f \u043b\u0435\u0433\u0430\u043b\u044c\u043d\u043e\u0433\u043e \u0442\u0440\u0443\u0434\u043e\u0443\u0441\u0442\u0440\u043e\u0439\u0441\u0442\u0432\u0430 \u0432 \u041f\u043e\u043b\u044c\u0448\u0435, \u0443 \u0432\u0430\u0441 \u043e\u0431\u044f\u0437\u0430\u0442\u0435\u043b\u044c\u043d\u043e \u0434\u043e\u043b\u0436\u0435\u043d \u0431\u044b\u0442\u044c \u0441\u0442\u0440\u0430\u0445\u043e\u0432\u043e\u0439 \u043f\u043e\u043b\u0438\u0441, \u043d\u0430 \u0432\u0435\u0441\u044c \u043f\u0435\u0440\u0438\u043e\u0434 \u043f\u0440\u0435\u0431\u044b\u0432\u0430\u043d\u0438\u044f \u041a\u043e\u043c\u0430\u043d\u0434\u0430 teeal \u0441\u043e\u0432\u043c\u0435\u0441\u0442\u043d\u043e \u0441 \u043d\u0430\u0448\u0438\u043c \u043e\u0444\u0444\u0438\u0446\u0438\u0430\u043b\u044c\u043d\u044b\u043c \u043f\u0430\u0440\u0442\u043d\u0435\u0440\u043e\u043c VUSO \u043f\u043e\u0434\u043e\u0431\u0440\u0430\u043b\u0430 \u0434\u043b\u044f \u0412\u0430\u0441 \u0441\u0430\u043c\u043e\u0435 \u0432\u044b\u0433\u043e\u0434\u043d\u043e\u0435 \u0440\u0435\u0448\u0435\u043d\u0438\u0435 \u044d\u0442\u043e\u0433\u043e \u0432\u043e\u043f\u0440\u043e\u0441\u0430 \u041c\u044b \u0446\u0435\u043d\u0438\u043c \u0412\u0430\u0441, \u0438 \u0440\u0430\u0431\u043e\u0442\u0430\u0435\u043c \u0441 VUSO \u043f\u043e\u0442\u043e\u043c\u0443, \u0447\u0442\u043e: \u041d\u0430 \u044d\u0442\u043e\u0439 \u0441\u0442\u0440\u0430\u043d\u0438\u0446\u0435 \u0432\u044b \u043c\u043e\u0436\u0435\u0442\u0435 \u043e\u0441\u0442\u0430\u0432\u0438\u0442\u044c \u0437\u0430\u044f\u0432\u043a\u0443 \u043d\u0430 \u043f\u043e\u043b\u0443\u0447\u0435\u043d\u0438\u0435 \u0441\u0442\u0440\u0430\u0445\u043e\u0432\u043a\u0438, &hellip;<\/p>\n<p class=\"read-more\"> <a class=\"\" href=\"https:\/\/teeal.pl\/pl\/cthrovka-dlja-rabota-v-pol-ona\/\"> <span class=\"screen-reader-text\">Ubezpieczenie do pracy w Polsce<\/span> Czytaj wi\u0119cej \u00bb<\/a><\/p>","protected":false},"author":1,"featured_media":0,"parent":0,"menu_order":0,"comment_status":"closed","ping_status":"closed","template":"elementor_header_footer","meta":{"footnotes":""},"class_list":["post-557","page","type-page","status-publish","hentry"],"acf":[],"_links":{"self":[{"href":"https:\/\/teeal.pl\/pl\/wp-json\/wp\/v2\/pages\/557","targetHints":{"allow":["GET"]}}],"collection":[{"href":"https:\/\/teeal.pl\/pl\/wp-json\/wp\/v2\/pages"}],"about":[{"href":"https:\/\/teeal.pl\/pl\/wp-json\/wp\/v2\/types\/page"}],"author":[{"embeddable":true,"href":"https:\/\/teeal.pl\/pl\/wp-json\/wp\/v2\/users\/1"}],"replies":[{"embeddable":true,"href":"https:\/\/teeal.pl\/pl\/wp-json\/wp\/v2\/comments?post=557"}],"version-history":[{"count":0,"href":"https:\/\/teeal.pl\/pl\/wp-json\/wp\/v2\/pages\/557\/revisions"}],"wp:attachment":[{"href":"https:\/\/teeal.pl\/pl\/wp-json\/wp\/v2\/media?parent=557"}],"curies":[{"name":"wp","href":"https:\/\/api.w.org\/{rel}","templated":true}]}}