{"id":625,"date":"2018-01-17T17:09:41","date_gmt":"2018-01-17T17:09:41","guid":{"rendered":"https:\/\/teeal.pl\/?page_id=625"},"modified":"2018-06-21T23:26:12","modified_gmt":"2018-06-21T20:26:12","slug":"wiza-pracownicza-plus-podroz","status":"publish","type":"page","link":"https:\/\/teeal.pl\/pl\/wiza-pracownicza-plus-podroz\/","title":{"rendered":"Wiza pracownicza plus podr\u00f3\u017c"},"content":{"rendered":"<div data-elementor-type=\"wp-post\" data-elementor-id=\"625\" class=\"elementor elementor-625 elementor-bc-flex-widget\">\n\t\t\t\t\t\t\t\t\t<section class=\"elementor-section elementor-top-section elementor-element elementor-element-b21df65 elementor-section-boxed elementor-section-height-default elementor-section-height-default\" data-id=\"b21df65\" data-element_type=\"section\">\n\t\t\t\t\t\t<div class=\"elementor-container elementor-column-gap-default\">\n\t\t\t\t\t<div class=\"elementor-column elementor-col-100 elementor-top-column elementor-element elementor-element-3221a20c\" data-id=\"3221a20c\" data-element_type=\"column\">\n\t\t\t<div class=\"elementor-widget-wrap elementor-element-populated\">\n\t\t\t\t\t\t\t\t<div class=\"elementor-element elementor-element-30a01e05 elementor-widget elementor-widget-heading\" data-id=\"30a01e05\" data-element_type=\"widget\" data-widget_type=\"heading.default\">\n\t\t\t\t<div class=\"elementor-widget-container\">\n\t\t\t<style>\/*! elementor - v3.15.0 - 20-08-2023 *\/\n.elementor-heading-title{padding:0;margin:0;line-height:1}.elementor-widget-heading .elementor-heading-title[class*=elementor-size-]>a{color:inherit;font-size:inherit;line-height:inherit}.elementor-widget-heading .elementor-heading-title.elementor-size-small{font-size:15px}.elementor-widget-heading .elementor-heading-title.elementor-size-medium{font-size:19px}.elementor-widget-heading .elementor-heading-title.elementor-size-large{font-size:29px}.elementor-widget-heading .elementor-heading-title.elementor-size-xl{font-size:39px}.elementor-widget-heading .elementor-heading-title.elementor-size-xxl{font-size:59px}<\/style><h1 class=\"elementor-heading-title elementor-size-default\">Wiza pracownicza typu D-05 do pracy w Polsce na 180 dni + podr\u00f3\u017c<\/h1>\t\t<\/div>\n\t\t\t\t<\/div>\n\t\t\t\t\t<\/div>\n\t\t<\/div>\n\t\t\t\t\t\t\t<\/div>\n\t\t<\/section>\n\t\t\t\t<section class=\"elementor-section elementor-top-section elementor-element elementor-element-ed5e4f3 elementor-section-full_width elementor-section-height-default elementor-section-height-default\" data-id=\"ed5e4f3\" data-element_type=\"section\">\n\t\t\t\t\t\t<div class=\"elementor-container elementor-column-gap-default\">\n\t\t\t\t\t<div class=\"elementor-column elementor-col-100 elementor-top-column elementor-element elementor-element-08ce05c\" data-id=\"08ce05c\" data-element_type=\"column\">\n\t\t\t<div class=\"elementor-widget-wrap elementor-element-populated\">\n\t\t\t\t\t\t\t\t<div class=\"elementor-element elementor-element-38777c8e elementor-widget elementor-widget-text-editor\" data-id=\"38777c8e\" data-element_type=\"widget\" data-widget_type=\"text-editor.default\">\n\t\t\t\t<div class=\"elementor-widget-container\">\n\t\t\t<style>\/*! elementor - v3.15.0 - 20-08-2023 *\/\n.elementor-widget-text-editor.elementor-drop-cap-view-stacked .elementor-drop-cap{background-color:#69727d;color:#fff}.elementor-widget-text-editor.elementor-drop-cap-view-framed .elementor-drop-cap{color:#69727d;border:3px solid;background-color:transparent}.elementor-widget-text-editor:not(.elementor-drop-cap-view-default) .elementor-drop-cap{margin-top:8px}.elementor-widget-text-editor:not(.elementor-drop-cap-view-default) .elementor-drop-cap-letter{width:1em;height:1em}.elementor-widget-text-editor .elementor-drop-cap{float:left;text-align:center;line-height:1;font-size:50px}.elementor-widget-text-editor .elementor-drop-cap-letter{display:inline-block}<\/style>\t\t\t\t<h4><strong>\u00a0 \u00a0 W cenie biletu, opr\u00f3cz pe\u0142nego pakietu dokument\u00f3w, znajduje si\u0119 r\u00f3wnie\u017c przejazd busem ze Lwowa do Warszawy.<\/strong><br \/><strong>\u00a0 \u00a0 Sam proces jest taki sam jak w przypadku standardowej rejestracji, jedyn\u0105 r\u00f3\u017cnic\u0105 jest to, \u017ce my p\u0142acimy przewo\u017anikowi za Ciebie.<\/strong><\/h4>\t\t\t\t\t\t<\/div>\n\t\t\t\t<\/div>\n\t\t\t\t<div class=\"elementor-element elementor-element-cecefb1 elementor-widget elementor-widget-accordion\" data-id=\"cecefb1\" data-element_type=\"widget\" data-widget_type=\"accordion.default\">\n\t\t\t\t<div class=\"elementor-widget-container\">\n\t\t\t<style>\/*! elementor - v3.15.0 - 20-08-2023 *\/\n.elementor-accordion{text-align:left}.elementor-accordion .elementor-accordion-item{border:1px solid #d5d8dc}.elementor-accordion .elementor-accordion-item+.elementor-accordion-item{border-top:none}.elementor-accordion .elementor-tab-title{margin:0;padding:15px 20px;font-weight:700;line-height:1;cursor:pointer;outline:none}.elementor-accordion .elementor-tab-title .elementor-accordion-icon{display:inline-block;width:1.5em}.elementor-accordion .elementor-tab-title .elementor-accordion-icon svg{width:1em;height:1em}.elementor-accordion .elementor-tab-title .elementor-accordion-icon.elementor-accordion-icon-right{float:right;text-align:right}.elementor-accordion .elementor-tab-title .elementor-accordion-icon.elementor-accordion-icon-left{float:left;text-align:left}.elementor-accordion .elementor-tab-title .elementor-accordion-icon .elementor-accordion-icon-closed{display:block}.elementor-accordion .elementor-tab-title .elementor-accordion-icon .elementor-accordion-icon-opened,.elementor-accordion .elementor-tab-title.elementor-active .elementor-accordion-icon-closed{display:none}.elementor-accordion .elementor-tab-title.elementor-active .elementor-accordion-icon-opened{display:block}.elementor-accordion .elementor-tab-content{display:none;padding:15px 20px;border-top:1px solid #d5d8dc}@media (max-width:767px){.elementor-accordion .elementor-tab-title{padding:12px 15px}.elementor-accordion .elementor-tab-title .elementor-accordion-icon{width:1.2em}.elementor-accordion .elementor-tab-content{padding:7px 15px}}.e-con-inner>.elementor-widget-accordion,.e-con>.elementor-widget-accordion{width:var(--container-widget-width);--flex-grow:var(--container-widget-flex-grow)}<\/style>\t\t<div class=\"elementor-accordion\">\n\t\t\t\t\t\t\t<div class=\"elementor-accordion-item\">\n\t\t\t\t\t<h4 id=\"elementor-tab-title-2161\" class=\"elementor-tab-title\" data-tab=\"1\" role=\"button\" aria-controls=\"elementor-tab-content-2161\" aria-expanded=\"false\">\n\t\t\t\t\t\t\t\t\t\t\t\t\t<span class=\"elementor-accordion-icon elementor-accordion-icon-left\" aria-hidden=\"true\">\n\t\t\t\t\t\t\t\t\t\t\t\t\t\t\t<i class=\"elementor-accordion-icon-closed fa fa-arrow-circle-right\"><\/i>\n\t\t\t\t\t\t\t\t<i class=\"elementor-accordion-icon-opened fa fa-angle-double-down\"><\/i>\n\t\t\t\t\t\t\t\t\t\t\t\t\t\t<\/span>\n\t\t\t\t\t\t\t\t\t\t\t\t<a class=\"elementor-accordion-title\" tabindex=\"0\"> Etap 1. Okre\u015blanie cel\u00f3w<\/a>\n\t\t\t\t\t<\/h4>\n\t\t\t\t\t<div id=\"elementor-tab-content-2161\" class=\"elementor-tab-content elementor-clearfix\" data-tab=\"1\" role=\"region\" aria-labelledby=\"elementor-tab-title-2161\"><h4>\u2014 wyja\u015bniamy Twoje do\u015bwiadczenie zawodowe, oczekiwan\u0105 dat\u0119 podr\u00f3\u017cy i warunki, jakich potrzebujesz<\/h4><\/div>\n\t\t\t\t<\/div>\n\t\t\t\t\t\t\t<div class=\"elementor-accordion-item\">\n\t\t\t\t\t<h4 id=\"elementor-tab-title-2162\" class=\"elementor-tab-title\" data-tab=\"2\" role=\"button\" aria-controls=\"elementor-tab-content-2162\" aria-expanded=\"false\">\n\t\t\t\t\t\t\t\t\t\t\t\t\t<span class=\"elementor-accordion-icon elementor-accordion-icon-left\" aria-hidden=\"true\">\n\t\t\t\t\t\t\t\t\t\t\t\t\t\t\t<i class=\"elementor-accordion-icon-closed fa fa-arrow-circle-right\"><\/i>\n\t\t\t\t\t\t\t\t<i class=\"elementor-accordion-icon-opened fa fa-angle-double-down\"><\/i>\n\t\t\t\t\t\t\t\t\t\t\t\t\t\t<\/span>\n\t\t\t\t\t\t\t\t\t\t\t\t<a class=\"elementor-accordion-title\" tabindex=\"0\">Etap 2. Przygotowanie dokument\u00f3w<\/a>\n\t\t\t\t\t<\/h4>\n\t\t\t\t\t<div id=\"elementor-tab-content-2162\" class=\"elementor-tab-content elementor-clearfix\" data-tab=\"2\" role=\"region\" aria-labelledby=\"elementor-tab-title-2162\"><h4><strong>Zgodnie z obowi\u0105zuj\u0105cymi przepisami, polscy pracodawcy uiszczaj\u0105 op\u0142at\u0119 (podobn\u0105 do naszej gminy) za ka\u017cde zaproszenie. Dlatego, aby rozpocz\u0105\u0107 procesowanie dokument\u00f3w, nale\u017cy wp\u0142aci\u0107 zaliczk\u0119 w wysoko\u015bci 300 UAH. Ta zaliczka potwierdza pracodawcy powag\u0119 Twojej decyzji.\u00a0<\/strong><\/h4><ul><li><h4>wype\u0142nij formularz wniosku i z\u0142\u00f3\u017c go w centrum wizowym<\/h4><\/li><li><h4>Wystawimy Ci polis\u0119 ubezpieczeniow\u0105 o sumie pokrycia 30 000 \u0404 na 180 dni.<\/h4><\/li><li><h4>Zamawiamy u pracodawcy zaproszenie do pracy (O\u015bwiadczenie o zamiarze powierzenia cudzoziemcowi)<\/h4><\/li><li><h4>Negocjujemy z Twoim bezpo\u015brednim pracodawc\u0105 kwestie zakwaterowania i przyjazdu<\/h4><\/li><li><h4>Przygotowujemy Pa\u0144stwa do z\u0142o\u017cenia dokument\u00f3w i udzielamy konsultacji w zakresie rejestracji.<\/h4><\/li><\/ul><h4><strong>Ca\u0142kowit\u0105 zap\u0142at\u0119 nale\u017cy ui\u015bci\u0107 po otrzymaniu dokument\u00f3w.<\/strong><\/h4><\/div>\n\t\t\t\t<\/div>\n\t\t\t\t\t\t\t<div class=\"elementor-accordion-item\">\n\t\t\t\t\t<h4 id=\"elementor-tab-title-2163\" class=\"elementor-tab-title\" data-tab=\"3\" role=\"button\" aria-controls=\"elementor-tab-content-2163\" aria-expanded=\"false\">\n\t\t\t\t\t\t\t\t\t\t\t\t\t<span class=\"elementor-accordion-icon elementor-accordion-icon-left\" aria-hidden=\"true\">\n\t\t\t\t\t\t\t\t\t\t\t\t\t\t\t<i class=\"elementor-accordion-icon-closed fa fa-arrow-circle-right\"><\/i>\n\t\t\t\t\t\t\t\t<i class=\"elementor-accordion-icon-opened fa fa-angle-double-down\"><\/i>\n\t\t\t\t\t\t\t\t\t\t\t\t\t\t<\/span>\n\t\t\t\t\t\t\t\t\t\t\t\t<a class=\"elementor-accordion-title\" tabindex=\"0\">Etap 3. Po otrzymaniu wizy<\/a>\n\t\t\t\t\t<\/h4>\n\t\t\t\t\t<div id=\"elementor-tab-content-2163\" class=\"elementor-tab-content elementor-clearfix\" data-tab=\"3\" role=\"region\" aria-labelledby=\"elementor-tab-title-2163\"><ul><li><h4>Przygotowanie do przekroczenia granicy<\/h4><\/li><li><h4>Je\u017celi to mo\u017cliwe, zbieramy grup\u0119 na wsp\u00f3ln\u0105 wycieczk\u0119 minibusem.<\/h4><\/li><li><h4>Spotkamy si\u0119 z Tob\u0105 osobi\u015bcie na dworcu kolejowym w Polsce lub zrobi to bezpo\u015brednio Tw\u00f3j pracodawca.<\/h4><\/li><li><h4><strong>Udzielamy konsultacji w sprawach biznesowych, a\u017c do powrotu na Ukrain\u0119. Rezerwujemy bilety i finansujemy podr\u00f3\u017c ze Lwowa do Warszawy.<\/strong><\/h4><\/li><\/ul><\/div>\n\t\t\t\t<\/div>\n\t\t\t\t\t\t\t\t<\/div>\n\t\t\t\t<\/div>\n\t\t\t\t<\/div>\n\t\t\t\t<div class=\"elementor-element elementor-element-ce2e5ab elementor-widget elementor-widget-heading\" data-id=\"ce2e5ab\" data-element_type=\"widget\" data-widget_type=\"heading.default\">\n\t\t\t\t<div class=\"elementor-widget-container\">\n\t\t\t<h3 class=\"elementor-heading-title elementor-size-default\">Aby\u015bmy mogli rozpocz\u0105\u0107 wsp\u00f3\u0142prac\u0119 prosimy o wype\u0142nienie wniosku o zaproszenie.<\/h3>\t\t<\/div>\n\t\t\t\t<\/div>\n\t\t\t\t\t<\/div>\n\t\t<\/div>\n\t\t\t\t\t\t\t<\/div>\n\t\t<\/section>\n\t\t\t\t<section class=\"elementor-section elementor-top-section elementor-element elementor-element-502595c9 elementor-section-boxed elementor-section-height-default elementor-section-height-default\" data-id=\"502595c9\" data-element_type=\"section\">\n\t\t\t\t\t\t<div class=\"elementor-container elementor-column-gap-default\">\n\t\t\t\t\t<div class=\"elementor-column elementor-col-100 elementor-top-column elementor-element elementor-element-6fe7a4c5\" data-id=\"6fe7a4c5\" data-element_type=\"column\">\n\t\t\t<div class=\"elementor-widget-wrap\">\n\t\t\t\t\t\t\t\t\t<\/div>\n\t\t<\/div>\n\t\t\t\t\t\t\t<\/div>\n\t\t<\/section>\n\t\t\t\t\t\t\t<\/div>","protected":false},"excerpt":{"rendered":"<p>\u0420\u0430\u0431\u043e\u0447\u0430\u044f \u0432\u0438\u0437\u0430, \u0442\u0438\u043f D-05 \u0434\u043b\u044f \u0440\u0430\u0431\u043e\u0442\u044b \u0432 \u041f\u043e\u043b\u044c\u0448\u0435 \u043d\u0430 180 \u0434\u043d\u0435\u0439 + \u0414\u043e\u0440\u043e\u0433\u0430 \u00a0 \u00a0 \u041a\u0440\u043e\u043c\u0435 \u043f\u043e\u043b\u043d\u043e\u0433\u043e \u043f\u0430\u043a\u0435\u0442\u0430 \u0434\u043e\u043a\u0443\u043c\u0435\u043d\u0442\u043e\u0432 \u0442\u0430\u043a\u0436\u0435 \u0432\u0445\u043e\u0434\u0438\u0442 \u043e\u043f\u043b\u0430\u0442\u0430 \u043f\u0440\u043e\u0435\u0437\u0434\u0430 \u0441\u043e \u041b\u044c\u0432\u043e\u0432\u0430 \u0432 \u0412\u0430\u0440\u0448\u0430\u0432\u0443 \u043d\u0430 \u043c\u0438\u043a\u0440\u043e\u0430\u0432\u0442\u043e\u0431\u0443\u0441\u0435. \u00a0 \u00a0 \u0421\u0430\u043c \u043f\u0440\u043e\u0446\u0435\u0441\u0441 \u0442\u0430\u043a\u043e\u0439-\u0436\u0435 \u043a\u0430\u043a \u0438 \u043f\u0440\u0438 \u0441\u0442\u0430\u043d\u0434\u0430\u0440\u0442\u043d\u043e\u043c \u043e\u0444\u043e\u0440\u043c\u043b\u0435\u043d\u0438\u0438, \u043c\u0435\u043d\u044f\u0435\u0442\u0441\u044f \u0442\u043e\u043b\u044c\u043a\u043e \u0442\u043e, \u0447\u0442\u043e \u043c\u044b \u043e\u043f\u043b\u0430\u0447\u0438\u0432\u0430\u0435\u043c \u0437\u0430 \u0432\u0430\u0441 \u043f\u0435\u0440\u0435\u0432\u043e\u0437\u0447\u0438\u043a\u0443 1\u0439 \u044d\u0442\u0430\u043f. \u041e\u043f\u0440\u0435\u0434\u0435\u043b\u044f\u0435\u043c\u0441\u044f \u0441 \u0446\u0435\u043b\u044f\u043c\u0438 \u2014 \u0443\u0442\u043e\u0447\u043d\u044f\u0435\u043c &hellip;<\/p>\n<p class=\"read-more\"> <a class=\"\" href=\"https:\/\/teeal.pl\/pl\/wiza-pracownicza-plus-podroz\/\"> <span class=\"screen-reader-text\">Wiza pracownicza plus podr\u00f3\u017c<\/span> Czytaj wi\u0119cej \u00bb<\/a><\/p>","protected":false},"author":1,"featured_media":0,"parent":0,"menu_order":0,"comment_status":"closed","ping_status":"closed","template":"elementor_header_footer","meta":{"footnotes":""},"class_list":["post-625","page","type-page","status-publish","hentry"],"acf":[],"_links":{"self":[{"href":"https:\/\/teeal.pl\/pl\/wp-json\/wp\/v2\/pages\/625","targetHints":{"allow":["GET"]}}],"collection":[{"href":"https:\/\/teeal.pl\/pl\/wp-json\/wp\/v2\/pages"}],"about":[{"href":"https:\/\/teeal.pl\/pl\/wp-json\/wp\/v2\/types\/page"}],"author":[{"embeddable":true,"href":"https:\/\/teeal.pl\/pl\/wp-json\/wp\/v2\/users\/1"}],"replies":[{"embeddable":true,"href":"https:\/\/teeal.pl\/pl\/wp-json\/wp\/v2\/comments?post=625"}],"version-history":[{"count":0,"href":"https:\/\/teeal.pl\/pl\/wp-json\/wp\/v2\/pages\/625\/revisions"}],"wp:attachment":[{"href":"https:\/\/teeal.pl\/pl\/wp-json\/wp\/v2\/media?parent=625"}],"curies":[{"name":"wp","href":"https:\/\/api.w.org\/{rel}","templated":true}]}}