{"id":6582,"date":"2019-10-27T17:44:38","date_gmt":"2019-10-27T15:44:38","guid":{"rendered":"https:\/\/teeal.pl\/?page_id=6582"},"modified":"2021-03-17T15:07:25","modified_gmt":"2021-03-17T13:07:25","slug":"zyciorys","status":"publish","type":"page","link":"https:\/\/teeal.pl\/pl\/zyciorys\/","title":{"rendered":"po\u0142\u0105czenie"},"content":{"rendered":"<div data-elementor-type=\"wp-page\" data-elementor-id=\"6582\" class=\"elementor elementor-6582\">\n\t\t\t\t\t\t\t\t\t<section class=\"elementor-section elementor-top-section elementor-element elementor-element-ac5a380 elementor-section-boxed elementor-section-height-default elementor-section-height-default\" data-id=\"ac5a380\" data-element_type=\"section\">\n\t\t\t\t\t\t<div class=\"elementor-container elementor-column-gap-default\">\n\t\t\t\t\t<div class=\"elementor-column elementor-col-100 elementor-top-column elementor-element elementor-element-75fb23a\" data-id=\"75fb23a\" data-element_type=\"column\">\n\t\t\t<div class=\"elementor-widget-wrap elementor-element-populated\">\n\t\t\t\t\t\t\t\t<div class=\"elementor-element elementor-element-f7b4b4a elementor-widget elementor-widget-heading\" data-id=\"f7b4b4a\" data-element_type=\"widget\" data-widget_type=\"heading.default\">\n\t\t\t\t<div class=\"elementor-widget-container\">\n\t\t\t<style>\/*! elementor - v3.15.0 - 20-08-2023 *\/\n.elementor-heading-title{padding:0;margin:0;line-height:1}.elementor-widget-heading .elementor-heading-title[class*=elementor-size-]>a{color:inherit;font-size:inherit;line-height:inherit}.elementor-widget-heading .elementor-heading-title.elementor-size-small{font-size:15px}.elementor-widget-heading .elementor-heading-title.elementor-size-medium{font-size:19px}.elementor-widget-heading .elementor-heading-title.elementor-size-large{font-size:29px}.elementor-widget-heading .elementor-heading-title.elementor-size-xl{font-size:39px}.elementor-widget-heading .elementor-heading-title.elementor-size-xxl{font-size:59px}<\/style><h3 class=\"elementor-heading-title elementor-size-default\">, Aby zapewni\u0107 Ci dost\u0119p do istotnych informacji przez ca\u0142y czas podr\u00f3\u017cy, stworzyli\u015bmy asystenta TEEALINA. Naci\u015bnij Viber<\/h3>\t\t<\/div>\n\t\t\t\t<\/div>\n\t\t\t\t<div class=\"elementor-element elementor-element-b306832 elementor-align-center elementor-widget elementor-widget-button\" data-id=\"b306832\" data-element_type=\"widget\" data-widget_type=\"button.default\">\n\t\t\t\t<div class=\"elementor-widget-container\">\n\t\t\t\t\t<div class=\"elementor-button-wrapper\">\n\t\t\t<a class=\"elementor-button elementor-button-link elementor-size-lg\" href=\"viber:\/\/pa?chatURI=teealpl\">\n\t\t\t\t\t\t<span class=\"elementor-button-content-wrapper\">\n\t\t\t\t\t\t<span class=\"elementor-button-icon elementor-align-icon-left\">\n\t\t\t\t<svg aria-hidden=\"true\" class=\"e-font-icon-svg e-fab-viber\" viewbox=\"0 0 512 512\" xmlns=\"http:\/\/www.w3.org\/2000\/svg\"><path d=\"M444 49.9C431.3 38.2 379.9.9 265.3.4c0 0-135.1-8.1-200.9 52.3C27.8 89.3 14.9 143 13.5 209.5c-1.4 66.5-3.1 191.1 117 224.9h.1l-.1 51.6s-.8 20.9 13 25.1c16.6 5.2 26.4-10.7 42.3-27.8 8.7-9.4 20.7-23.2 29.8-33.7 82.2 6.9 145.3-8.9 152.5-11.2 16.6-5.4 110.5-17.4 125.7-142 15.8-128.6-7.6-209.8-49.8-246.5zM457.9 287c-12.9 104-89 110.6-103 115.1-6 1.9-61.5 15.7-131.2 11.2 0 0-52 62.7-68.2 79-5.3 5.3-11.1 4.8-11-5.7 0-6.9.4-85.7.4-85.7-.1 0-.1 0 0 0-101.8-28.2-95.8-134.3-94.7-189.8 1.1-55.5 11.6-101 42.6-131.6 55.7-50.5 170.4-43 170.4-43 96.9.4 143.3 29.6 154.1 39.4 35.7 30.6 53.9 103.8 40.6 211.1zm-139-80.8c.4 8.6-12.5 9.2-12.9.6-1.1-22-11.4-32.7-32.6-33.9-8.6-.5-7.8-13.4.7-12.9 27.9 1.5 43.4 17.5 44.8 46.2zm20.3 11.3c1-42.4-25.5-75.6-75.8-79.3-8.5-.6-7.6-13.5.9-12.9 58 4.2 88.9 44.1 87.8 92.5-.1 8.6-13.1 8.2-12.9-.3zm47 13.4c.1 8.6-12.9 8.7-12.9.1-.6-81.5-54.9-125.9-120.8-126.4-8.5-.1-8.5-12.9 0-12.9 73.7.5 133 51.4 133.7 139.2zM374.9 329v.2c-10.8 19-31 40-51.8 33.3l-.2-.3c-21.1-5.9-70.8-31.5-102.2-56.5-16.2-12.8-31-27.9-42.4-42.4-10.3-12.9-20.7-28.2-30.8-46.6-21.3-38.5-26-55.7-26-55.7-6.7-20.8 14.2-41 33.3-51.8h.2c9.2-4.8 18-3.2 23.9 3.9 0 0 12.4 14.8 17.7 22.1 5 6.8 11.7 17.7 15.2 23.8 6.1 10.9 2.3 22-3.7 26.6l-12 9.6c-6.1 4.9-5.3 14-5.3 14s17.8 67.3 84.3 84.3c0 0 9.1.8 14-5.3l9.6-12c4.6-6 15.7-9.8 26.6-3.7 14.7 8.3 33.4 21.2 45.8 32.9 7 5.7 8.6 14.4 3.8 23.6z\"><\/path><\/svg>\t\t\t<\/span>\n\t\t\t\t\t\t<span class=\"elementor-button-text\">Viber TEEALINA<\/span>\n\t\t<\/span>\n\t\t\t\t\t<\/a>\n\t\t<\/div>\n\t\t\t\t<\/div>\n\t\t\t\t<\/div>\n\t\t\t\t\t<\/div>\n\t\t<\/div>\n\t\t\t\t\t\t\t<\/div>\n\t\t<\/section>\n\t\t\t\t<section class=\"elementor-section elementor-top-section elementor-element elementor-element-78591ee elementor-section-boxed elementor-section-height-default elementor-section-height-default\" data-id=\"78591ee\" data-element_type=\"section\">\n\t\t\t\t\t\t<div class=\"elementor-container elementor-column-gap-default\">\n\t\t\t\t\t<div class=\"elementor-column elementor-col-100 elementor-top-column elementor-element elementor-element-37393e9\" data-id=\"37393e9\" data-element_type=\"column\">\n\t\t\t<div class=\"elementor-widget-wrap elementor-element-populated\">\n\t\t\t\t\t\t\t\t<div class=\"elementor-element elementor-element-12e2b4b elementor-widget elementor-widget-html\" data-id=\"12e2b4b\" data-element_type=\"widget\" data-widget_type=\"html.default\">\n\t\t\t\t<div class=\"elementor-widget-container\">\n\t\t\t<script type=\"application\/ld+json\">{\n    \"@context\": \"https:\\\/\\\/schema.org\",\n    \"@type\": \"FAQPage\",\n    \"mainEntity\": [\n        {\n            \"@type\": \"Question\",\n            \"name\": \"1.\\t\\u0422\\u0440\\u0443\\u0434\\u043e\\u0443\\u0441\\u0442\\u0440\\u043e\\u0439\\u0441\\u0442\\u0432\\u043e \\u043f\\u043e \\u0411\\u0418\\u041e? \",\n            \"acceptedAnswer\": {\n                \"@type\": \"Answer\",\n                \"text\": \"\\u041d\\u0430\\u0448\\u0430 \\u043a\\u043e\\u043c\\u043f\\u0430\\u043d\\u0438\\u044f \\u0441\\u043e\\u0432\\u0435\\u0442\\u0443\\u0435\\u0442 \\u0441\\u0432\\u043e\\u0438\\u043c \\u043a\\u043b\\u0438\\u0435\\u043d\\u0442\\u0430\\u043c \\u0434\\u0435\\u043b\\u0430\\u0442\\u044c \\u043d\\u0430\\u0446\\u0438\\u043e\\u043d\\u0430\\u043b\\u044c\\u043d\\u0443\\u044e \\u0440\\u0430\\u0431\\u043e\\u0447\\u0443\\u044e \\u0432\\u0438\\u0437\\u0443, \\u0434\\u043b\\u044f \\u0442\\u043e\\u0433\\u043e, \\u0447\\u0442\\u043e\\u0431\\u044b \\u0441\\u043f\\u0435\\u0446\\u0438\\u0430\\u043b\\u0438\\u0441\\u0442\\u044b \\u043c\\u043e\\u0433\\u043b\\u0438 \\u043f\\u043e\\u0434\\u043e\\u0431\\u0440\\u0430\\u0442\\u044c \\u0445\\u043e\\u0440\\u043e\\u0448\\u0443\\u044e \\u0432\\u0430\\u043a\\u0430\\u043d\\u0441\\u0438\\u044e \\u0441 \\u0434\\u043e\\u0441\\u0442\\u043e\\u0439\\u043d\\u043e\\u0439 \\u043e\\u043f\\u043b\\u0430\\u0442\\u043e\\u0439 \\u0442\\u0440\\u0443\\u0434\\u0430.\\n\\u041e\\u0442\\u0432\\u0435\\u0442\\u0441\\u0442\\u0432\\u0435\\u043d\\u043d\\u044b\\u0435 \\u0440\\u0430\\u0431\\u043e\\u0442\\u043e\\u0434\\u0430\\u0442\\u0435\\u043b\\u0438 \\u043e\\u0442\\u0434\\u0430\\u044e\\u0442 \\u043f\\u0440\\u0435\\u0438\\u043c\\u0443\\u0449\\u0435\\u0441\\u0442\\u0432\\u043e \\u0441\\u043e\\u0442\\u0440\\u0443\\u0434\\u043d\\u0438\\u043a\\u0430\\u043c, \\u0443 \\u043a\\u043e\\u0442\\u043e\\u0440\\u044b\\u0445 \\u043e\\u0444\\u043e\\u0440\\u043c\\u043b\\u0435\\u043d\\u0430 \\u0440\\u0430\\u0431\\u043e\\u0447\\u0430\\u044f \\u0432\\u0438\\u0437\\u0430, \\u0442\\u0430\\u043a \\u043a\\u0430\\u043a \\u043a\\u0430\\u0436\\u0434\\u043e\\u0433\\u043e \\u0441\\u043e\\u0442\\u0440\\u0443\\u0434\\u043d\\u0438\\u043a\\u0430 \\u043e\\u0431\\u0443\\u0447\\u0430\\u044e\\u0442 \\u043d\\u0435\\u043e\\u0431\\u0445\\u043e\\u0434\\u0438\\u043c\\u043e\\u043c\\u0443 \\u043f\\u0440\\u043e\\u0446\\u0435\\u0441\\u0441\\u0443 \\u0438 \\u0440\\u0430\\u0431\\u043e\\u0442\\u043e\\u0434\\u0430\\u0442\\u0435\\u043b\\u044c \\u0437\\u0430\\u0438\\u043d\\u0442\\u0435\\u0440\\u0435\\u0441\\u043e\\u0432\\u0430\\u043d \\u0432 \\u0442\\u043e\\u043c, \\u0447\\u0442\\u043e\\u0431\\u044b \\u043e\\u0431\\u0443\\u0447\\u0435\\u043d\\u043d\\u044b\\u0439 \\u0441\\u043e\\u0442\\u0440\\u0443\\u0434\\u043d\\u0438\\u043a \\u043f\\u0440\\u043e\\u0440\\u0430\\u0431\\u043e\\u0442\\u0430\\u043b \\u043d\\u0430 \\u043f\\u0440\\u0435\\u0434\\u043f\\u0440\\u0438\\u044f\\u0442\\u0438\\u0438 \\u0434\\u043b\\u0438\\u0442\\u0435\\u043b\\u044c\\u043d\\u044b\\u0439 \\u0441\\u0440\\u043e\\u043a. \"\n            }\n        },\n        {\n            \"@type\": \"Question\",\n            \"name\": \"\\u041d\\u0430 \\u0411\\u0418\\u041e \\u0432\\u0430\\u043a\\u0430\\u043d\\u0441\\u0438\\u0438 \\u0445\\u0443\\u0436\\u0435, \\u0447\\u0435\\u043c \\u043f\\u043e \\u0432\\u0438\\u0437\\u0435? \",\n            \"acceptedAnswer\": {\n                \"@type\": \"Answer\",\n                \"text\": \"\\u0417\\u0430\\u0447\\u0430\\u0441\\u0442\\u0443\\u044e \\u0442\\u0430\\u043a \\u0438 \\u0435\\u0441\\u0442\\u044c, \\u0442\\u0430\\u043a \\u043a\\u0430\\u043a \\u0445\\u043e\\u0440\\u043e\\u0448\\u0438\\u0435 \\u0440\\u0430\\u0431\\u043e\\u0442\\u043e\\u0434\\u0430\\u0442\\u0435\\u043b\\u0438 \\u043f\\u0440\\u0435\\u0434\\u043f\\u043e\\u0447\\u0438\\u0442\\u0430\\u044e\\u0442 \\u043f\\u0440\\u0438\\u043d\\u0438\\u043c\\u0430\\u0442\\u044c \\u043d\\u0430 \\u0440\\u0430\\u0431\\u043e\\u0442\\u0443 \\u0441\\u043e\\u0442\\u0440\\u0443\\u0434\\u043d\\u0438\\u043a\\u043e\\u0432 \\u0441 \\u0440\\u0430\\u0431\\u043e\\u0447\\u0435\\u0439 \\u0432\\u0438\\u0437\\u043e\\u0439. \\n\\u0415\\u0441\\u043b\\u0438 \\u0440\\u0430\\u0431\\u043e\\u0442\\u043e\\u0434\\u0430\\u0442\\u0435\\u043b\\u044c \\u043f\\u0440\\u0435\\u0434\\u043b\\u0430\\u0433\\u0430\\u0435\\u0442 \\u0440\\u0430\\u0431\\u043e\\u0442\\u0443 \\u043f\\u043e \\u0431\\u0438\\u043e\\u043c\\u0435\\u0442\\u0440\\u0438\\u0447\\u0435\\u0441\\u043a\\u043e\\u043c\\u0443 \\u043f\\u0430\\u0441\\u043f\\u043e\\u0440\\u0442\\u0443 \\u043d\\u0430 \\u043a\\u043e\\u0440\\u043e\\u0442\\u043a\\u0438\\u0439 \\u0441\\u0440\\u043e\\u043a, \\u0442\\u043e \\u044d\\u0442\\u043e \\u0437\\u043d\\u0430\\u0447\\u0438\\u0442, \\u0447\\u0442\\u043e \\u043d\\u0430\\u0447\\u0430\\u043b\\u0441\\u044f \\u0441\\u0435\\u0437\\u043e\\u043d \\u0438 \\u043d\\u0435 \\u0445\\u0432\\u0430\\u0442\\u0430\\u0435\\u0442 \\u0441\\u043e\\u0442\\u0440\\u0443\\u0434\\u043d\\u0438\\u043a\\u043e\\u0432, \\u0438\\u043b\\u0438 \\u043f\\u043b\\u043e\\u0445\\u0438\\u0435 \\u0443\\u0441\\u043b\\u043e\\u0432\\u0438\\u044f \\u0442\\u0440\\u0443\\u0434\\u0430 \\u0438 \\u043e\\u043f\\u043b\\u0430\\u0442\\u044b, \\u0430 \\u043e\\u0442\\u0441\\u044e\\u0434\\u0430 \\u043d\\u0430\\u0431\\u043b\\u044e\\u0434\\u0430\\u0435\\u0442\\u0441\\u044f \\u0442\\u0435\\u043d\\u0434\\u0435\\u043d\\u0446\\u0438\\u044f \\u0443\\u0432\\u043e\\u043b\\u044c\\u043d\\u0435\\u043d\\u0438\\u044f \\u043b\\u044e\\u0434\\u0435\\u0439. \\n\\u0412 \\u0441\\u0432\\u044f\\u0437\\u0438 \\u0441 \\u044d\\u0442\\u0438\\u043c \\u043c\\u044b \\u0440\\u0435\\u043a\\u043e\\u043c\\u0435\\u043d\\u0434\\u0443\\u0435\\u043c \\u043e\\u0442\\u043a\\u0440\\u044b\\u0442\\u044c \\u0440\\u0430\\u0431\\u043e\\u0447\\u0443\\u044e \\u0432\\u0438\\u0437\\u0443, \\u0438\\u043c\\u0435\\u044f \\u043a\\u043e\\u0442\\u043e\\u0440\\u0443\\u044e, \\u043c\\u044b \\u0412\\u0430\\u043c \\u0441\\u043c\\u043e\\u0436\\u0435\\u043c \\u043f\\u0440\\u0435\\u0434\\u043b\\u043e\\u0436\\u0438\\u0442\\u044c \\u0432\\u0430\\u043a\\u0430\\u043d\\u0441\\u0438\\u044e \\u0441 \\u0445\\u043e\\u0440\\u043e\\u0448\\u0435\\u0439 \\u0437\\u0430\\u0440\\u043f\\u043b\\u0430\\u0442\\u043e\\u0439, \\u0434\\u043e\\u0441\\u0442\\u043e\\u0439\\u043d\\u044b\\u043c\\u0438 \\u0443\\u0441\\u043b\\u043e\\u0432\\u0438\\u044f\\u043c\\u0438 \\u0442\\u0440\\u0443\\u0434\\u0430 \\u0438 \\u043f\\u0440\\u043e\\u0436\\u0438\\u0432\\u0430\\u043d\\u0438\\u044f. \"\n            }\n        }\n    ]\n}<\/script>\t\t<\/div>\n\t\t\t\t<\/div>\n\t\t\t\t\t<\/div>\n\t\t<\/div>\n\t\t\t\t\t\t\t<\/div>\n\t\t<\/section>\n\t\t\t\t\t\t\t<\/div>","protected":false},"excerpt":{"rendered":"<p>Viber TEEALINA<\/p>","protected":false},"author":1,"featured_media":881,"parent":0,"menu_order":0,"comment_status":"closed","ping_status":"closed","template":"","meta":{"footnotes":""},"class_list":["post-6582","page","type-page","status-publish","has-post-thumbnail","hentry"],"acf":[],"_links":{"self":[{"href":"https:\/\/teeal.pl\/pl\/wp-json\/wp\/v2\/pages\/6582","targetHints":{"allow":["GET"]}}],"collection":[{"href":"https:\/\/teeal.pl\/pl\/wp-json\/wp\/v2\/pages"}],"about":[{"href":"https:\/\/teeal.pl\/pl\/wp-json\/wp\/v2\/types\/page"}],"author":[{"embeddable":true,"href":"https:\/\/teeal.pl\/pl\/wp-json\/wp\/v2\/users\/1"}],"replies":[{"embeddable":true,"href":"https:\/\/teeal.pl\/pl\/wp-json\/wp\/v2\/comments?post=6582"}],"version-history":[{"count":0,"href":"https:\/\/teeal.pl\/pl\/wp-json\/wp\/v2\/pages\/6582\/revisions"}],"wp:featuredmedia":[{"embeddable":true,"href":"https:\/\/teeal.pl\/pl\/wp-json\/wp\/v2\/media\/881"}],"wp:attachment":[{"href":"https:\/\/teeal.pl\/pl\/wp-json\/wp\/v2\/media?parent=6582"}],"curies":[{"name":"wp","href":"https:\/\/api.w.org\/{rel}","templated":true}]}}