{"id":6708,"date":"2019-11-09T18:22:12","date_gmt":"2019-11-09T16:22:12","guid":{"rendered":"https:\/\/teeal.pl\/?page_id=6708"},"modified":"2021-12-24T14:16:05","modified_gmt":"2021-12-24T12:16:05","slug":"formularz-wniosku-wizowego","status":"publish","type":"page","link":"https:\/\/teeal.pl\/pl\/formularz-wniosku-wizowego\/","title":{"rendered":"Formularz wniosku o wydanie wizy do centrum wizowego"},"content":{"rendered":"<div data-elementor-type=\"wp-page\" data-elementor-id=\"6708\" class=\"elementor elementor-6708\">\n\t\t\t\t\t\t\t\t\t<section class=\"elementor-section elementor-top-section elementor-element elementor-element-92b48e0 elementor-section-boxed elementor-section-height-default elementor-section-height-default\" data-id=\"92b48e0\" data-element_type=\"section\">\n\t\t\t\t\t\t<div class=\"elementor-container elementor-column-gap-default\">\n\t\t\t\t\t<div class=\"elementor-column elementor-col-100 elementor-top-column elementor-element elementor-element-6deece9\" data-id=\"6deece9\" data-element_type=\"column\">\n\t\t\t<div class=\"elementor-widget-wrap elementor-element-populated\">\n\t\t\t\t\t\t\t\t<div class=\"elementor-element elementor-element-c2ae6a7 elementor-widget elementor-widget-heading\" data-id=\"c2ae6a7\" data-element_type=\"widget\" data-widget_type=\"heading.default\">\n\t\t\t\t<div class=\"elementor-widget-container\">\n\t\t\t<style>\/*! elementor - v3.15.0 - 20-08-2023 *\/\n.elementor-heading-title{padding:0;margin:0;line-height:1}.elementor-widget-heading .elementor-heading-title[class*=elementor-size-]>a{color:inherit;font-size:inherit;line-height:inherit}.elementor-widget-heading .elementor-heading-title.elementor-size-small{font-size:15px}.elementor-widget-heading .elementor-heading-title.elementor-size-medium{font-size:19px}.elementor-widget-heading .elementor-heading-title.elementor-size-large{font-size:29px}.elementor-widget-heading .elementor-heading-title.elementor-size-xl{font-size:39px}.elementor-widget-heading .elementor-heading-title.elementor-size-xxl{font-size:59px}<\/style><h1 class=\"elementor-heading-title elementor-size-default\">FORMULARZ WNIOSKU DO Z\u0141O\u017bENIA W CENTRUM WIZOWYM\n<\/h1>\t\t<\/div>\n\t\t\t\t<\/div>\n\t\t\t\t\t<\/div>\n\t\t<\/div>\n\t\t\t\t\t\t\t<\/div>\n\t\t<\/section>\n\t\t\t\t<section class=\"elementor-section elementor-top-section elementor-element elementor-element-6d3b42d elementor-section-boxed elementor-section-height-default elementor-section-height-default\" data-id=\"6d3b42d\" data-element_type=\"section\">\n\t\t\t\t\t\t<div class=\"elementor-container elementor-column-gap-default\">\n\t\t\t\t\t<div class=\"elementor-column elementor-col-100 elementor-top-column elementor-element elementor-element-20390ac\" data-id=\"20390ac\" data-element_type=\"column\">\n\t\t\t<div class=\"elementor-widget-wrap elementor-element-populated\">\n\t\t\t\t\t\t\t\t<div class=\"elementor-element elementor-element-652f565 elementor-widget elementor-widget-heading\" data-id=\"652f565\" data-element_type=\"widget\" data-widget_type=\"heading.default\">\n\t\t\t\t<div class=\"elementor-widget-container\">\n\t\t\t<h4 class=\"elementor-heading-title elementor-size-default\">Ka\u017cdego dnia przygotowujemy dziesi\u0105tki formularzy wniosk\u00f3w wizowych dla naszych klient\u00f3w i dok\u0142adnie wiemy, co, gdzie i jak poda\u0107. Wszystko po to, aby\u015b otrzyma\u0142 wiz\u0119.<\/h4>\t\t<\/div>\n\t\t\t\t<\/div>\n\t\t\t\t\t<\/div>\n\t\t<\/div>\n\t\t\t\t\t\t\t<\/div>\n\t\t<\/section>\n\t\t\t\t<section class=\"elementor-section elementor-top-section elementor-element elementor-element-3ed0c1b elementor-section-boxed elementor-section-height-default elementor-section-height-default\" data-id=\"3ed0c1b\" data-element_type=\"section\">\n\t\t\t\t\t\t<div class=\"elementor-container elementor-column-gap-default\">\n\t\t\t\t\t<div class=\"elementor-column elementor-col-100 elementor-top-column elementor-element elementor-element-0f090fb\" data-id=\"0f090fb\" data-element_type=\"column\">\n\t\t\t<div class=\"elementor-widget-wrap elementor-element-populated\">\n\t\t\t\t\t\t\t\t<div class=\"elementor-element elementor-element-df5149d elementor-widget elementor-widget-heading\" data-id=\"df5149d\" data-element_type=\"widget\" data-widget_type=\"heading.default\">\n\t\t\t\t<div class=\"elementor-widget-container\">\n\t\t\t<h4 class=\"elementor-heading-title elementor-size-default\">Prze\u015blij dane do przygotowania kwestionariusza, po czym specjalista skontaktuje si\u0119 z Tob\u0105, zweryfikuje wszystko i prze\u015ble gotowy kwestionariusz w dogodny dla Ciebie spos\u00f3b.<\/h4>\t\t<\/div>\n\t\t\t\t<\/div>\n\t\t\t\t\t<\/div>\n\t\t<\/div>\n\t\t\t\t\t\t\t<\/div>\n\t\t<\/section>\n\t\t\t\t<section class=\"elementor-section elementor-top-section elementor-element elementor-element-9424a66 elementor-section-boxed elementor-section-height-default elementor-section-height-default\" data-id=\"9424a66\" data-element_type=\"section\">\n\t\t\t\t\t\t<div class=\"elementor-container elementor-column-gap-default\">\n\t\t\t\t\t<div class=\"elementor-column elementor-col-100 elementor-top-column elementor-element elementor-element-96b5ff8\" data-id=\"96b5ff8\" data-element_type=\"column\">\n\t\t\t<div class=\"elementor-widget-wrap elementor-element-populated\">\n\t\t\t\t\t\t\t\t<div class=\"elementor-element elementor-element-e21cb1c elementor-widget elementor-widget-html\" data-id=\"e21cb1c\" data-element_type=\"widget\" data-widget_type=\"html.default\">\n\t\t\t\t<div class=\"elementor-widget-container\">\n\t\t\t<script id=\"bx24_form_inline\" data-skip-moving=\"true\">\r\n        (function(w,d,u,b){w['Bitrix24FormObject']=b;w[b] = w[b] || function(){arguments[0].ref=u;\r\n                (w[b].forms=w[b].forms||[]).push(arguments[0])};\r\n                if(w[b]['forms']) return;\r\n                var s=d.createElement('script');s.async=1;s.src=u+'?'+(1*new Date());\r\n                var h=d.getElementsByTagName('script')[0];h.parentNode.insertBefore(s,h);\r\n        })(window,document,'https:\/\/teeal.bitrix24.ua\/bitrix\/js\/crm\/form_loader.js','b24form');\r\n\r\n        b24form({\"id\":\"113\",\"lang\":\"ru\",\"sec\":\"fnegc0\",\"type\":\"inline\"});\r\n<\/script>\t\t<\/div>\n\t\t\t\t<\/div>\n\t\t\t\t\t<\/div>\n\t\t<\/div>\n\t\t\t\t\t\t\t<\/div>\n\t\t<\/section>\n\t\t\t\t\t\t\t<\/div>","protected":false},"excerpt":{"rendered":"<p>\u0410\u041d\u041a\u0415\u0422\u0410 \u0414\u041b\u042f \u041f\u041e\u0414\u0410\u0427\u0418 \u0412 \u0412\u0418\u0417\u041e\u0412\u042b\u0419 \u0426\u0415\u041d\u0422\u0420 \u041a\u0430\u0436\u0434\u044b\u0439 \u0434\u0435\u043d\u044c \u043c\u044b \u043e\u0444\u043e\u0440\u043c\u043b\u044f\u0435\u043c \u0434\u0435\u0441\u044f\u0442\u043a\u0438 \u0430\u043d\u043a\u0435\u0442 \u0432 \u0432\u0438\u0437\u043e\u0432\u044b\u0439 \u0446\u0435\u043d\u0442\u0440 \u0434\u043b\u044f \u043d\u0430\u0448\u0438\u0445 \u043a\u043b\u0438\u0435\u043d\u0442\u043e\u0432 \u0438 \u0442\u043e\u0447\u043d\u043e \u0437\u043d\u0430\u0435\u043c &#8212; \u0447\u0442\u043e \u043d\u0443\u0436\u043d\u043e \u0443\u043a\u0430\u0437\u0430\u0442\u044c, \u0433\u0434\u0435 \u0443\u043a\u0430\u0437\u0430\u0442\u044c \u0438 \u043a\u0430\u043a \u0438\u043c\u0435\u043d\u043d\u043e. \u0412\u0441\u0435 \u0434\u043b\u044f \u0442\u043e\u0433\u043e, \u0447\u0442\u043e\u0431\u044b \u0432\u044b \u0433\u0430\u0440\u0430\u043d\u0442\u0438\u0440\u043e\u0432\u0430\u043d\u043e \u043f\u043e\u043b\u0443\u0447\u0438\u043b\u0438 \u0432\u0438\u0437\u0443. \u041e\u0442\u043f\u0440\u0430\u0432\u044c\u0442\u0435 \u0434\u0430\u043d\u043d\u044b\u0435 \u0434\u043b\u044f \u043f\u043e\u0434\u0433\u043e\u0442\u043e\u0432\u043a\u0438 \u0430\u043d\u043a\u0435\u0442\u044b, \u043f\u043e\u0441\u043b\u0435 \u0447\u0435\u0433\u043e \u0441 \u0432\u0430\u043c\u0438 \u0441\u0432\u044f\u0436\u0435\u0442\u0441\u044f \u0441\u043f\u0435\u0446\u0438\u0430\u043b\u0438\u0441\u0442, \u0432\u0441\u0435 \u0441\u0432\u0435\u0440\u0438\u0442 \u0438 \u043e\u0442\u043f\u0440\u0430\u0432\u0438\u0442 \u0433\u043e\u0442\u043e\u0432\u0443\u044e \u0430\u043d\u043a\u0435\u0442\u0443 &hellip;<\/p>\n<p class=\"read-more\"> <a class=\"\" href=\"https:\/\/teeal.pl\/pl\/formularz-wniosku-wizowego\/\"> <span class=\"screen-reader-text\">Formularz wniosku o wydanie wizy do centrum wizowego<\/span> Czytaj wi\u0119cej \u00bb<\/a><\/p>","protected":false},"author":1,"featured_media":5691,"parent":0,"menu_order":0,"comment_status":"closed","ping_status":"closed","template":"","meta":{"footnotes":""},"class_list":["post-6708","page","type-page","status-publish","has-post-thumbnail","hentry"],"acf":[],"_links":{"self":[{"href":"https:\/\/teeal.pl\/pl\/wp-json\/wp\/v2\/pages\/6708","targetHints":{"allow":["GET"]}}],"collection":[{"href":"https:\/\/teeal.pl\/pl\/wp-json\/wp\/v2\/pages"}],"about":[{"href":"https:\/\/teeal.pl\/pl\/wp-json\/wp\/v2\/types\/page"}],"author":[{"embeddable":true,"href":"https:\/\/teeal.pl\/pl\/wp-json\/wp\/v2\/users\/1"}],"replies":[{"embeddable":true,"href":"https:\/\/teeal.pl\/pl\/wp-json\/wp\/v2\/comments?post=6708"}],"version-history":[{"count":0,"href":"https:\/\/teeal.pl\/pl\/wp-json\/wp\/v2\/pages\/6708\/revisions"}],"wp:featuredmedia":[{"embeddable":true,"href":"https:\/\/teeal.pl\/pl\/wp-json\/wp\/v2\/media\/5691"}],"wp:attachment":[{"href":"https:\/\/teeal.pl\/pl\/wp-json\/wp\/v2\/media?parent=6708"}],"curies":[{"name":"wp","href":"https:\/\/api.w.org\/{rel}","templated":true}]}}